{"id":207,"date":"2021-01-12T14:14:38","date_gmt":"2021-01-12T14:14:38","guid":{"rendered":"http:\/\/s856749478.onlinehome.fr\/?page_id=207"},"modified":"2024-03-23T09:47:36","modified_gmt":"2024-03-23T09:47:36","slug":"anapi","status":"publish","type":"page","link":"https:\/\/anapi.fr\/?page_id=207","title":{"rendered":"Actualit\u00e9s ANAPI"},"content":{"rendered":"<p><span style=\"font-size: 14pt; font-family: 'arial black', sans-serif;\">ACTUALIT\u00c9S ANAPI\u00a0<\/span><\/p>\n<p style=\"padding-left: 80px;\"><code><style><\/style><div class=\"wplp_outside wplp_widget_2441\" style=\"max-width:100%;\"><div id=\"wplp_widget_2441\" class=\"wplp_widget_default wplp_container vertical swiper wplp-swiper default cols3\" data-theme=\"default\" data-post=\"2441\" style=\"\" data-max-elts=\"9\" data-per-page=\"10\"><div class=\"wplp_listposts swiper-wrapper\" id=\"default_2441\" style=\"width: 100%;\" ><div class=\"swiper-slide\" style=\"\"><div class=\"insideframe\"><div id=\"wplp_box_top_2441_4033\" class=\"wpcu-front-box top equalHeightImg\" ><div class=\"wplp-box-item\"><a href=\"https:\/\/anapi.fr\/?p=4033\"  class=\"thumbnail\"><span class=\"img_cropper\" style=\"margin-top:1px;margin-right:1px;margin-bottom:1px;margin-left:1px;max-width:100%;\"><img decoding=\"async\" src=\"https:\/\/anapi.fr\/wp-content\/uploads\/2026\/04\/manifestation-30-avril-2026.jpg\" style=\"aspect-ratio:2\/3;\" srcset=\"https:\/\/anapi.fr\/wp-content\/uploads\/2026\/04\/manifestation-30-avril-2026.jpg 768w, https:\/\/anapi.fr\/wp-content\/uploads\/2026\/04\/manifestation-30-avril-2026-167x300.jpg 167w, https:\/\/anapi.fr\/wp-content\/uploads\/2026\/04\/manifestation-30-avril-2026-572x1024.jpg 572w\" alt=\"Samedi 25 avril 2026 \u00e0 Montreuil\" class=\"wplp_thumb\" \/><\/span><\/a><a href=\"https:\/\/anapi.fr\/?p=4033\"  class=\"title\">Samedi 25 avril 2026 \u00e0 Montreuil<\/a><\/div><\/div><div id=\"wplp_box_left_2441_4033\" class=\"wpcu-front-box left wpcu-custom-position\" ><div class=\"wplp-box-item\"><\/div><\/div><div id=\"wplp_box_right_2441_4033\" class=\"wpcu-front-box right wpcu-custom-position\" ><div class=\"wplp-box-item\"><\/div><\/div><div id=\"wplp_box_bottom_2441_4033\" class=\"wpcu-front-box bottom \" ><div class=\"wplp-box-item\"><a href=\"https:\/\/anapi.fr\/?p=4033\"  class=\"date\">13 avril 2026<\/a><span class=\"text\"><span style=\"max-height:2.8em\" class=\"line_limit\">Comm\u00e9moration du 30 avril et des victimes du communisme au Vietnam Nos camarades du collectif vietnamien au cot\u00e9 duquel nous nous sommes engag\u00e9s dans la proc\u00e9dure judiciaire contre la mairie communiste de Montreuil afin que le buste d\u2019Ho Chi Minh soit retir\u00e9 de l\u2019espace public organise une manifestation pr\u00e9cis\u00e9ment devant la statue de l\u2019infamie\u00a0samedi 25 [&hellip;]<\/span><span style=\"margin-left:3px; max-height:2.8em\" class=\"line_limit\"> [...]<\/span><\/span><span class=\"custom_fields\">\n<!-- WPLP Unknown field: Custom_Fields -->\n<\/span><a href=\"https:\/\/anapi.fr\/?p=4033\"  class=\"read-more\">Lire la suite\u2026<\/a><\/div><\/div><\/div><\/div><div class=\"swiper-slide\" style=\"\"><div class=\"insideframe\"><div id=\"wplp_box_top_2441_4028\" class=\"wpcu-front-box top equalHeightImg\" ><div class=\"wplp-box-item\"><a href=\"https:\/\/anapi.fr\/?p=4028\"  class=\"thumbnail\"><span class=\"img_cropper\" style=\"margin-top:1px;margin-right:1px;margin-bottom:1px;margin-left:1px;max-width:100%;\"><img decoding=\"async\" src=\"https:\/\/anapi.fr\/wp-content\/uploads\/2026\/04\/IMG_20260411_111509.jpg\" style=\"aspect-ratio:2\/3;\" srcset=\"https:\/\/anapi.fr\/wp-content\/uploads\/2026\/04\/IMG_20260411_111509.jpg 1068w, https:\/\/anapi.fr\/wp-content\/uploads\/2026\/04\/IMG_20260411_111509-300x155.jpg 300w, https:\/\/anapi.fr\/wp-content\/uploads\/2026\/04\/IMG_20260411_111509-1024x529.jpg 1024w, https:\/\/anapi.fr\/wp-content\/uploads\/2026\/04\/IMG_20260411_111509-768x397.jpg 768w\" alt=\"Samedi 9 mai : comm\u00e9moration du 72\u00e8me anniversaire des combats de DBP \u00e0 Garons (30128)\" class=\"wplp_thumb\" \/><\/span><\/a><a href=\"https:\/\/anapi.fr\/?p=4028\"  class=\"title\">Samedi 9 mai : comm\u00e9moration du 72\u00e8me anniversaire des combats de DBP \u00e0 Garons (30128)<\/a><\/div><\/div><div id=\"wplp_box_left_2441_4028\" class=\"wpcu-front-box left wpcu-custom-position\" ><div class=\"wplp-box-item\"><\/div><\/div><div id=\"wplp_box_right_2441_4028\" class=\"wpcu-front-box right wpcu-custom-position\" ><div class=\"wplp-box-item\"><\/div><\/div><div id=\"wplp_box_bottom_2441_4028\" class=\"wpcu-front-box bottom \" ><div class=\"wplp-box-item\"><a href=\"https:\/\/anapi.fr\/?p=4028\"  class=\"date\">11 avril 2026<\/a><span class=\"text\"><span style=\"max-height:2.8em\" class=\"line_limit\">Pour assister \u00e0 l&#8217;\u00e9v\u00e8nement, cliquez sur l&#8217;image pour t\u00e9l\u00e9charger le formulaire de r\u00e9ponse au format PDF ! Views: 4<\/span><span style=\"margin-left:3px; max-height:2.8em\" class=\"line_limit\"> [...]<\/span><\/span><span class=\"custom_fields\">\n<!-- WPLP Unknown field: Custom_Fields -->\n<\/span><a href=\"https:\/\/anapi.fr\/?p=4028\"  class=\"read-more\">Lire la suite\u2026<\/a><\/div><\/div><\/div><\/div><div class=\"swiper-slide\" style=\"\"><div class=\"insideframe\"><div id=\"wplp_box_top_2441_4025\" class=\"wpcu-front-box top equalHeightImg\" ><div class=\"wplp-box-item\"><a href=\"https:\/\/anapi.fr\/?p=4025\"  class=\"thumbnail\"><span class=\"img_cropper\" style=\"margin-top:1px;margin-right:1px;margin-bottom:1px;margin-left:1px;max-width:100%;\"><img decoding=\"async\" src=\"https:\/\/anapi.fr\/wp-content\/uploads\/2026\/04\/IMG_20260411_110722.jpg\" style=\"aspect-ratio:2\/3;\" srcset=\"https:\/\/anapi.fr\/wp-content\/uploads\/2026\/04\/IMG_20260411_110722.jpg 1080w, https:\/\/anapi.fr\/wp-content\/uploads\/2026\/04\/IMG_20260411_110722-300x154.jpg 300w, https:\/\/anapi.fr\/wp-content\/uploads\/2026\/04\/IMG_20260411_110722-1024x526.jpg 1024w, https:\/\/anapi.fr\/wp-content\/uploads\/2026\/04\/IMG_20260411_110722-768x395.jpg 768w\" alt=\"Mercredi 13  mai : c\u00e9r\u00e9monie d\u2019hommage \u00e0 l\u2019Adc Roger et au sergent Albert VANDENBERGHE \u00e0 Castillon d\u2019Arthez (64379).\" class=\"wplp_thumb\" \/><\/span><\/a><a href=\"https:\/\/anapi.fr\/?p=4025\"  class=\"title\">Mercredi 13  mai : c\u00e9r\u00e9monie d\u2019hommage \u00e0 l\u2019Adc Roger et au sergent Albert VANDENBERGHE \u00e0 Castillon d\u2019Arthez (64379).<\/a><\/div><\/div><div id=\"wplp_box_left_2441_4025\" class=\"wpcu-front-box left wpcu-custom-position\" ><div class=\"wplp-box-item\"><\/div><\/div><div id=\"wplp_box_right_2441_4025\" class=\"wpcu-front-box right wpcu-custom-position\" ><div class=\"wplp-box-item\"><\/div><\/div><div id=\"wplp_box_bottom_2441_4025\" class=\"wpcu-front-box bottom \" ><div class=\"wplp-box-item\"><a href=\"https:\/\/anapi.fr\/?p=4025\"  class=\"date\">11 avril 2026<\/a><span class=\"text\"><span style=\"max-height:2.8em\" class=\"line_limit\">Views: 3<\/span><span style=\"margin-left:3px; max-height:2.8em\" class=\"line_limit\"> [...]<\/span><\/span><span class=\"custom_fields\">\n<!-- WPLP Unknown field: Custom_Fields -->\n<\/span><a href=\"https:\/\/anapi.fr\/?p=4025\"  class=\"read-more\">Lire la suite\u2026<\/a><\/div><\/div><\/div><\/div><div class=\"swiper-slide\" style=\"\"><div class=\"insideframe\"><div id=\"wplp_box_top_2441_4021\" class=\"wpcu-front-box top equalHeightImg\" ><div class=\"wplp-box-item\"><a href=\"https:\/\/anapi.fr\/?p=4021\"  class=\"thumbnail\"><span class=\"img_cropper\" style=\"margin-top:1px;margin-right:1px;margin-bottom:1px;margin-left:1px;max-width:100%;\"><img decoding=\"async\" src=\"https:\/\/anapi.fr\/wp-content\/uploads\/2026\/04\/Affiche-Indochine-vf.jpg\" style=\"aspect-ratio:2\/3;\" srcset=\"https:\/\/anapi.fr\/wp-content\/uploads\/2026\/04\/Affiche-Indochine-vf.jpg 1591w, https:\/\/anapi.fr\/wp-content\/uploads\/2026\/04\/Affiche-Indochine-vf-212x300.jpg 212w, https:\/\/anapi.fr\/wp-content\/uploads\/2026\/04\/Affiche-Indochine-vf-724x1024.jpg 724w, https:\/\/anapi.fr\/wp-content\/uploads\/2026\/04\/Affiche-Indochine-vf-768x1086.jpg 768w, https:\/\/anapi.fr\/wp-content\/uploads\/2026\/04\/Affiche-Indochine-vf-1086x1536.jpg 1086w, https:\/\/anapi.fr\/wp-content\/uploads\/2026\/04\/Affiche-Indochine-vf-1448x2048.jpg 1448w\" alt=\"Colloque \u00e0 Cahors du 5 au 8 juin 2026\" class=\"wplp_thumb\" \/><\/span><\/a><a href=\"https:\/\/anapi.fr\/?p=4021\"  class=\"title\">Colloque \u00e0 Cahors du 5 au 8 juin 2026<\/a><\/div><\/div><div id=\"wplp_box_left_2441_4021\" class=\"wpcu-front-box left wpcu-custom-position\" ><div class=\"wplp-box-item\"><\/div><\/div><div id=\"wplp_box_right_2441_4021\" class=\"wpcu-front-box right wpcu-custom-position\" ><div class=\"wplp-box-item\"><\/div><\/div><div id=\"wplp_box_bottom_2441_4021\" class=\"wpcu-front-box bottom \" ><div class=\"wplp-box-item\"><a href=\"https:\/\/anapi.fr\/?p=4021\"  class=\"date\">8 avril 2026<\/a><span class=\"text\"><span style=\"max-height:2.8em\" class=\"line_limit\">L\u2019A.N.A.P.I participera activement \u00e0 ces journ\u00e9es, en apportant son soutien gr\u00e2ce \u00e0 un sponsorat financier. En outre, l\u2019association organisera une table ronde d\u00e9di\u00e9e au th\u00e8me des prisonniers du corps exp\u00e9ditionnaire en Extr\u00eame-Orient. &nbsp; &nbsp; Views: 25<\/span><span style=\"margin-left:3px; max-height:2.8em\" class=\"line_limit\"> [...]<\/span><\/span><span class=\"custom_fields\">\n<!-- WPLP Unknown field: Custom_Fields -->\n<\/span><a href=\"https:\/\/anapi.fr\/?p=4021\"  class=\"read-more\">Lire la suite\u2026<\/a><\/div><\/div><\/div><\/div><div class=\"swiper-slide\" style=\"\"><div class=\"insideframe\"><div id=\"wplp_box_top_2441_4006\" class=\"wpcu-front-box top equalHeightImg\" ><div class=\"wplp-box-item\"><a href=\"https:\/\/anapi.fr\/?p=4006\"  class=\"thumbnail\"><span class=\"img_cropper\" style=\"margin-top:1px;margin-right:1px;margin-bottom:1px;margin-left:1px;max-width:100%;\"><img decoding=\"async\" src=\"https:\/\/anapi.fr\/wp-content\/uploads\/2026\/03\/Med.Colonel.HOANG-Co-Lan-1968-Vietnam.jpg\" style=\"aspect-ratio:2\/3;\" srcset=\"https:\/\/anapi.fr\/wp-content\/uploads\/2026\/03\/Med.Colonel.HOANG-Co-Lan-1968-Vietnam.jpg 684w, https:\/\/anapi.fr\/wp-content\/uploads\/2026\/03\/Med.Colonel.HOANG-Co-Lan-1968-Vietnam-300x200.jpg 300w\" alt=\"D\u00e9c\u00e8s du M\u00e9decin-Colonel HOANG Co-L\u00e2n\" class=\"wplp_thumb\" \/><\/span><\/a><a href=\"https:\/\/anapi.fr\/?p=4006\"  class=\"title\">D\u00e9c\u00e8s du M\u00e9decin-Colonel HOANG Co-L\u00e2n<\/a><\/div><\/div><div id=\"wplp_box_left_2441_4006\" class=\"wpcu-front-box left wpcu-custom-position\" ><div class=\"wplp-box-item\"><\/div><\/div><div id=\"wplp_box_right_2441_4006\" class=\"wpcu-front-box right wpcu-custom-position\" ><div class=\"wplp-box-item\"><\/div><\/div><div id=\"wplp_box_bottom_2441_4006\" class=\"wpcu-front-box bottom \" ><div class=\"wplp-box-item\"><a href=\"https:\/\/anapi.fr\/?p=4006\"  class=\"date\">16 mars 2026<\/a><span class=\"text\"><span style=\"max-height:2.8em\" class=\"line_limit\">&nbsp; Chers Amis, Nous avons la tristesse de vous faire part du d\u00e9c\u00e8s du M\u00e9decin-Colonel HOANG Co-L\u00e2n qui est survenu ce matin , Dimanche 15 Mars 2026 . En effet, sa sant\u00e9 s\u2019est d\u00e9grad\u00e9e depuis l\u2019\u00e9t\u00e9 2025 et Le Capitaine TRAN et moi avons pu lui rendre une derni\u00e8re visite le 27 Janvier 2026 dernier [&hellip;]<\/span><span style=\"margin-left:3px; max-height:2.8em\" class=\"line_limit\"> [...]<\/span><\/span><span class=\"custom_fields\">\n<!-- WPLP Unknown field: Custom_Fields -->\n<\/span><a href=\"https:\/\/anapi.fr\/?p=4006\"  class=\"read-more\">Lire la suite\u2026<\/a><\/div><\/div><\/div><\/div><div class=\"swiper-slide\" style=\"\"><div class=\"insideframe\"><div id=\"wplp_box_top_2441_3995\" class=\"wpcu-front-box top equalHeightImg\" ><div class=\"wplp-box-item\"><a href=\"https:\/\/anapi.fr\/?p=3995\"  class=\"thumbnail\"><span class=\"img_cropper\" style=\"margin-top:1px;margin-right:1px;margin-bottom:1px;margin-left:1px;max-width:100%;\"><img decoding=\"async\" src=\"https:\/\/anapi.fr\/wp-content\/uploads\/2026\/02\/1-PHOTO.png\" style=\"aspect-ratio:2\/3;\" srcset=\"https:\/\/anapi.fr\/wp-content\/uploads\/2026\/02\/1-PHOTO.png 1031w, https:\/\/anapi.fr\/wp-content\/uploads\/2026\/02\/1-PHOTO-280x300.png 280w, https:\/\/anapi.fr\/wp-content\/uploads\/2026\/02\/1-PHOTO-955x1024.png 955w, https:\/\/anapi.fr\/wp-content\/uploads\/2026\/02\/1-PHOTO-768x823.png 768w\" alt=\"Le colonel (er) Guy BONSARD a rejoint son dernier bivouac&#8230;. Ses obs\u00e8ques auront lieu \u00e0 Perpignan le vendredi 20 f\u00e9vrier \u00e0 10h00.\" class=\"wplp_thumb\" \/><\/span><\/a><a href=\"https:\/\/anapi.fr\/?p=3995\"  class=\"title\">Le colonel (er) Guy BONSARD a rejoint son dernier bivouac&#8230;. Ses obs\u00e8ques auront lieu \u00e0 Perpignan le vendredi 20 f\u00e9vrier \u00e0 10h00.<\/a><\/div><\/div><div id=\"wplp_box_left_2441_3995\" class=\"wpcu-front-box left wpcu-custom-position\" ><div class=\"wplp-box-item\"><\/div><\/div><div id=\"wplp_box_right_2441_3995\" class=\"wpcu-front-box right wpcu-custom-position\" ><div class=\"wplp-box-item\"><\/div><\/div><div id=\"wplp_box_bottom_2441_3995\" class=\"wpcu-front-box bottom \" ><div class=\"wplp-box-item\"><a href=\"https:\/\/anapi.fr\/?p=3995\"  class=\"date\">18 f\u00e9vrier 2026<\/a><span class=\"text\"><span style=\"max-height:2.8em\" class=\"line_limit\">Views: 49<\/span><span style=\"margin-left:3px; max-height:2.8em\" class=\"line_limit\"> [...]<\/span><\/span><span class=\"custom_fields\">\n<!-- WPLP Unknown field: Custom_Fields -->\n<\/span><a href=\"https:\/\/anapi.fr\/?p=3995\"  class=\"read-more\">Lire la suite\u2026<\/a><\/div><\/div><\/div><\/div><div class=\"swiper-slide\" style=\"\"><div class=\"insideframe\"><div id=\"wplp_box_top_2441_3987\" class=\"wpcu-front-box top equalHeightImg\" ><div class=\"wplp-box-item\"><a href=\"https:\/\/anapi.fr\/?p=3987\"  class=\"thumbnail\"><span class=\"img_cropper\" style=\"margin-top:1px;margin-right:1px;margin-bottom:1px;margin-left:1px;max-width:100%;\"><img decoding=\"async\" src=\"https:\/\/anapi.fr\/wp-content\/uploads\/2026\/02\/Maolen127.jpg\" style=\"aspect-ratio:2\/3;\" srcset=\"https:\/\/anapi.fr\/wp-content\/uploads\/2026\/02\/Maolen127.jpg 446w, https:\/\/anapi.fr\/wp-content\/uploads\/2026\/02\/Maolen127-213x300.jpg 213w\" alt=\"MAOLEN INFO N\u00b0127 vient de paraitre !\" class=\"wplp_thumb\" \/><\/span><\/a><a href=\"https:\/\/anapi.fr\/?p=3987\"  class=\"title\">MAOLEN INFO N\u00b0127 vient de paraitre !<\/a><\/div><\/div><div id=\"wplp_box_left_2441_3987\" class=\"wpcu-front-box left wpcu-custom-position\" ><div class=\"wplp-box-item\"><\/div><\/div><div id=\"wplp_box_right_2441_3987\" class=\"wpcu-front-box right wpcu-custom-position\" ><div class=\"wplp-box-item\"><\/div><\/div><div id=\"wplp_box_bottom_2441_3987\" class=\"wpcu-front-box bottom \" ><div class=\"wplp-box-item\"><a href=\"https:\/\/anapi.fr\/?p=3987\"  class=\"date\">14 f\u00e9vrier 2026<\/a><span class=\"text\"><span style=\"max-height:2.8em\" class=\"line_limit\">Cliquez sur l&#8217;image pour voir le fichier auformat PDF ! Views: 54<\/span><span style=\"margin-left:3px; max-height:2.8em\" class=\"line_limit\"> [...]<\/span><\/span><span class=\"custom_fields\">\n<!-- WPLP Unknown field: Custom_Fields -->\n<\/span><a href=\"https:\/\/anapi.fr\/?p=3987\"  class=\"read-more\">Lire la suite\u2026<\/a><\/div><\/div><\/div><\/div><div class=\"swiper-slide\" style=\"\"><div class=\"insideframe\"><div id=\"wplp_box_top_2441_3974\" class=\"wpcu-front-box top equalHeightImg\" ><div class=\"wplp-box-item\"><a href=\"https:\/\/anapi.fr\/?p=3974\"  class=\"thumbnail\"><span class=\"img_cropper\" style=\"margin-top:1px;margin-right:1px;margin-bottom:1px;margin-left:1px;max-width:100%;\"><img decoding=\"async\" src=\"https:\/\/anapi.fr\/wp-content\/uploads\/2026\/02\/cazeaux1.png\" style=\"aspect-ratio:2\/3;\" srcset=\"https:\/\/anapi.fr\/wp-content\/uploads\/2026\/02\/cazeaux1.png 864w, https:\/\/anapi.fr\/wp-content\/uploads\/2026\/02\/cazeaux1-300x276.png 300w, https:\/\/anapi.fr\/wp-content\/uploads\/2026\/02\/cazeaux1-768x708.png 768w\" alt=\"A la rencontre d&#8217;un rescap\u00e9 de la RC4 et des camps de prisonniers du Vi\u00eat-Minh\" class=\"wplp_thumb\" \/><\/span><\/a><a href=\"https:\/\/anapi.fr\/?p=3974\"  class=\"title\">A la rencontre d&#8217;un rescap\u00e9 de la RC4 et des camps de prisonniers du Vi\u00eat-Minh<\/a><\/div><\/div><div id=\"wplp_box_left_2441_3974\" class=\"wpcu-front-box left wpcu-custom-position\" ><div class=\"wplp-box-item\"><\/div><\/div><div id=\"wplp_box_right_2441_3974\" class=\"wpcu-front-box right wpcu-custom-position\" ><div class=\"wplp-box-item\"><\/div><\/div><div id=\"wplp_box_bottom_2441_3974\" class=\"wpcu-front-box bottom \" ><div class=\"wplp-box-item\"><a href=\"https:\/\/anapi.fr\/?p=3974\"  class=\"date\">8 f\u00e9vrier 2026<\/a><span class=\"text\"><span style=\"max-height:2.8em\" class=\"line_limit\">Les op\u00e9rations du groupement Cazaux sur la RC4 en octobre 1950 Rencontre avec un ancien combattant : Robert Schuermans Le lundi 12 janvier 2026, une d\u00e9l\u00e9gation de l\u2019A.N.A.P.I de Bordeaux s\u2019est rendue chez Robert Schuermans, ancien membre du 3e BCCP, afin d\u2019\u00e9voquer les op\u00e9rations sur la RC4 en octobre 1950. Il avait particip\u00e9 \u00e0 ces [&hellip;]<\/span><span style=\"margin-left:3px; max-height:2.8em\" class=\"line_limit\"> [...]<\/span><\/span><span class=\"custom_fields\">\n<!-- WPLP Unknown field: Custom_Fields -->\n<\/span><a href=\"https:\/\/anapi.fr\/?p=3974\"  class=\"read-more\">Lire la suite\u2026<\/a><\/div><\/div><\/div><\/div><div class=\"swiper-slide\" style=\"\"><div class=\"insideframe\"><div id=\"wplp_box_top_2441_3966\" class=\"wpcu-front-box top equalHeightImg\" ><div class=\"wplp-box-item\"><a href=\"https:\/\/anapi.fr\/?p=3966\"  class=\"thumbnail\"><span class=\"img_cropper\" style=\"margin-top:1px;margin-right:1px;margin-bottom:1px;margin-left:1px;max-width:100%;\"><img decoding=\"async\" src=\"https:\/\/anapi.fr\/wp-content\/uploads\/2026\/02\/bonnetete-jacques.jpg\" style=\"aspect-ratio:2\/3;\" srcset=\"https:\/\/anapi.fr\/wp-content\/uploads\/2026\/02\/bonnetete-jacques.jpg 1128w, https:\/\/anapi.fr\/wp-content\/uploads\/2026\/02\/bonnetete-jacques-212x300.jpg 212w, https:\/\/anapi.fr\/wp-content\/uploads\/2026\/02\/bonnetete-jacques-722x1024.jpg 722w, https:\/\/anapi.fr\/wp-content\/uploads\/2026\/02\/bonnetete-jacques-768x1089.jpg 768w, https:\/\/anapi.fr\/wp-content\/uploads\/2026\/02\/bonnetete-jacques-1083x1536.jpg 1083w\" alt=\"D\u00e9c\u00e8s du Contr\u00f4leur g\u00e9n\u00e9ral des arm\u00e9es Jacques Bonnet\u00eate : le 15 janvier 2026, une grande figure de l&#8217;ANAPI nous a quitt\u00e9s\" class=\"wplp_thumb\" \/><\/span><\/a><a href=\"https:\/\/anapi.fr\/?p=3966\"  class=\"title\">D\u00e9c\u00e8s du Contr\u00f4leur g\u00e9n\u00e9ral des arm\u00e9es Jacques Bonnet\u00eate : le 15 janvier 2026, une grande figure de l&#8217;ANAPI nous a quitt\u00e9s<\/a><\/div><\/div><div id=\"wplp_box_left_2441_3966\" class=\"wpcu-front-box left wpcu-custom-position\" ><div class=\"wplp-box-item\"><\/div><\/div><div id=\"wplp_box_right_2441_3966\" class=\"wpcu-front-box right wpcu-custom-position\" ><div class=\"wplp-box-item\"><\/div><\/div><div id=\"wplp_box_bottom_2441_3966\" class=\"wpcu-front-box bottom \" ><div class=\"wplp-box-item\"><a href=\"https:\/\/anapi.fr\/?p=3966\"  class=\"date\">4 f\u00e9vrier 2026<\/a><span class=\"text\"><span style=\"max-height:2.8em\" class=\"line_limit\">Allocution prononc\u00e9e par le g\u00e9n\u00e9ral de corps d\u2019arm\u00e9e Christophe de SAINT CHAMAS, Gouverneur des Invalides, le mardi 27 janvier 2026 \u00e0 l\u2019H\u00f4tel National des Invalides \u00e0 l\u2019occasion de la c\u00e9r\u00e9monie d\u2019adieu au Contr\u00f4leur G\u00e9n\u00e9ral des Arm\u00e9es Jacques BONNET\u00caTE d\u00e9c\u00e9d\u00e9 le 15 janvier 2026. Contr\u00f4leur G\u00e9n\u00e9ral des Arm\u00e9es Jacques BONNET\u00caTE, les Arm\u00e9es fran\u00e7aises vous rendent les [&hellip;]<\/span><span style=\"margin-left:3px; max-height:2.8em\" class=\"line_limit\"> [...]<\/span><\/span><span class=\"custom_fields\">\n<!-- WPLP Unknown field: Custom_Fields -->\n<\/span><a href=\"https:\/\/anapi.fr\/?p=3966\"  class=\"read-more\">Lire la suite\u2026<\/a><\/div><\/div><\/div><\/div><\/div><div class=\"swiper-button-next\"><\/div><div class=\"swiper-button-prev\"><\/div><div class=\"swiper-pagination\"><\/div><\/div><\/div><\/p>\n<p><\/code><\/p>\n<p>&nbsp;<\/p>\n<h4 class=\"list-title\"><\/h4>\n<p>Views: 270<\/p>","protected":false},"excerpt":{"rendered":"<p>ACTUALIT\u00c9S ANAPI\u00a0 &nbsp; Views: 32<\/p>\n","protected":false},"author":1,"featured_media":0,"parent":0,"menu_order":1,"comment_status":"closed","ping_status":"closed","template":"","meta":{"_uag_custom_page_level_css":"","site-sidebar-layout":"default","site-content-layout":"default","ast-site-content-layout":"default","site-content-style":"default","site-sidebar-style":"default","ast-global-header-display":"","ast-banner-title-visibility":"","ast-main-header-display":"","ast-hfb-above-header-display":"","ast-hfb-below-header-display":"","ast-hfb-mobile-header-display":"","site-post-title":"disabled","ast-breadcrumbs-content":"disabled","ast-featured-img":"","footer-sml-layout":"","ast-disable-related-posts":"","theme-transparent-header-meta":"default","adv-header-id-meta":"","stick-header-meta":"default","header-above-stick-meta":"","header-main-stick-meta":"","header-below-stick-meta":"","astra-migrate-meta-layouts":"set","ast-page-background-enabled":"default","ast-page-background-meta":{"desktop":{"background-color":"","background-image":"","background-repeat":"repeat","background-position":"center center","background-size":"auto","background-attachment":"scroll","background-type":"","background-media":"","overlay-type":"","overlay-color":"","overlay-opacity":"","overlay-gradient":""},"tablet":{"background-color":"","background-image":"","background-repeat":"repeat","background-position":"center center","background-size":"auto","background-attachment":"scroll","background-type":"","background-media":"","overlay-type":"","overlay-color":"","overlay-opacity":"","overlay-gradient":""},"mobile":{"background-color":"","background-image":"","background-repeat":"repeat","background-position":"center center","background-size":"auto","background-attachment":"scroll","background-type":"","background-media":"","overlay-type":"","overlay-color":"","overlay-opacity":"","overlay-gradient":""}},"ast-content-background-meta":{"desktop":{"background-color":"var(--ast-global-color-5)","background-image":"","background-repeat":"repeat","background-position":"center center","background-size":"auto","background-attachment":"scroll","background-type":"","background-media":"","overlay-type":"","overlay-color":"","overlay-opacity":"","overlay-gradient":""},"tablet":{"background-color":"var(--ast-global-color-5)","background-image":"","background-repeat":"repeat","background-position":"center center","background-size":"auto","background-attachment":"scroll","background-type":"","background-media":"","overlay-type":"","overlay-color":"","overlay-opacity":"","overlay-gradient":""},"mobile":{"background-color":"var(--ast-global-color-5)","background-image":"","background-repeat":"repeat","background-position":"center center","background-size":"auto","background-attachment":"scroll","background-type":"","background-media":"","overlay-type":"","overlay-color":"","overlay-opacity":"","overlay-gradient":""}},"footnotes":""},"class_list":["post-207","page","type-page","status-publish","hentry"],"uagb_featured_image_src":{"full":false,"thumbnail":false,"medium":false,"medium_large":false,"large":false,"1536x1536":false,"2048x2048":false},"uagb_author_info":{"display_name":"ANAPI","author_link":"https:\/\/anapi.fr\/?author=1"},"uagb_comment_info":0,"uagb_excerpt":"ACTUALIT\u00c9S ANAPI\u00a0 &nbsp; Views: 32","_links":{"self":[{"href":"https:\/\/anapi.fr\/index.php?rest_route=\/wp\/v2\/pages\/207","targetHints":{"allow":["GET"]}}],"collection":[{"href":"https:\/\/anapi.fr\/index.php?rest_route=\/wp\/v2\/pages"}],"about":[{"href":"https:\/\/anapi.fr\/index.php?rest_route=\/wp\/v2\/types\/page"}],"author":[{"embeddable":true,"href":"https:\/\/anapi.fr\/index.php?rest_route=\/wp\/v2\/users\/1"}],"replies":[{"embeddable":true,"href":"https:\/\/anapi.fr\/index.php?rest_route=%2Fwp%2Fv2%2Fcomments&post=207"}],"version-history":[{"count":39,"href":"https:\/\/anapi.fr\/index.php?rest_route=\/wp\/v2\/pages\/207\/revisions"}],"predecessor-version":[{"id":2621,"href":"https:\/\/anapi.fr\/index.php?rest_route=\/wp\/v2\/pages\/207\/revisions\/2621"}],"wp:attachment":[{"href":"https:\/\/anapi.fr\/index.php?rest_route=%2Fwp%2Fv2%2Fmedia&parent=207"}],"curies":[{"name":"wp","href":"https:\/\/api.w.org\/{rel}","templated":true}]}}