{"id":244,"date":"2021-01-12T16:22:46","date_gmt":"2021-01-12T16:22:46","guid":{"rendered":"http:\/\/s856749478.onlinehome.fr\/?page_id=244"},"modified":"2024-06-22T21:00:38","modified_gmt":"2024-06-22T21:00:38","slug":"bibliographie","status":"publish","type":"page","link":"https:\/\/anapi.fr\/?page_id=244","title":{"rendered":"Bibliographie"},"content":{"rendered":"<p style=\"text-align: center;\">Bibliographie<\/p>\n<p><a href=\"https:\/\/anapi.fr\/?p=577\"><span style=\"font-family: arial,helvetica,sans-serif; font-size: 14pt;\">Armantier Louis \u2013 Le balancier<\/span><\/a><\/p>\n<p><a href=\"https:\/\/anapi.fr\/?p=3185\"><span style=\"font-family: arial, helvetica, sans-serif; font-size: 14pt;\">Bail Ren\u00e9 &#8211; Dien Bien Phu, un combat de l\u2019impossible<\/span><\/a><\/p>\n<p><a href=\"https:\/\/anapi.fr\/?p=573\"><span style=\"font-family: arial,helvetica,sans-serif; font-size: 14pt;\">Ba Xuan Huynh \u2013 Oubli\u00e9 23 ans dans les goulags Viet minh<\/span><\/a><\/p>\n<p><a href=\"https:\/\/anapi.fr\/?p=569\"><span style=\"font-family: arial,helvetica,sans-serif; font-size: 14pt;\">Bayl\u00e9 Claude \u2013 Prisonnier au camp 113<\/span><\/a><\/p>\n<p><a href=\"https:\/\/anapi.fr\/?p=563\"><span style=\"font-family: arial,helvetica,sans-serif; font-size: 14pt;\">Bergot Erwan \u2013 Convoi 42<\/span><\/a><\/p>\n<p><a href=\"https:\/\/anapi.fr\/?p=3190\"><span style=\"font-size: 14pt; font-family: arial, helvetica, sans-serif;\">Bergot Erwan &#8211; 2e classe \u00e0 Dien Bien Phu<\/span><\/a><\/p>\n<p><a href=\"https:\/\/anapi.fr\/?p=3194\"><span style=\"font-size: 14pt; font-family: arial, helvetica, sans-serif;\">Bergot Erwan &#8211; Les 170 jours de Di\u00ean Bien Phu<\/span><\/a><\/p>\n<p><a href=\"https:\/\/anapi.fr\/?p=558\"><span style=\"font-family: arial,helvetica,sans-serif; font-size: 14pt;\">Beucler Jean-Jacques \u2013 Quatre ann\u00e9es chez les Viets<\/span><\/a><\/p>\n<p><a href=\"https:\/\/anapi.fr\/?p=3200\"><span style=\"font-size: 14pt; font-family: arial, helvetica, sans-serif;\">Bigeard Marcel &#8211; Pour une parcelle de gloire<\/span><\/a><\/p>\n<p><a href=\"https:\/\/anapi.fr\/?p=554\"><span style=\"font-family: arial,helvetica,sans-serif; font-size: 14pt;\">Boissinot Andr\u00e9 \u2013 Arm\u00e9 pour la vie<\/span><\/a><\/p>\n<p><a href=\"https:\/\/anapi.fr\/?p=549\"><span style=\"font-family: arial,helvetica,sans-serif; font-size: 14pt;\">Bondroit Cyril \u2013 Rapport du M\u00e9decin-Capitaine Georges Armstrong du 3e BCCP durant sa captivit\u00e9 au Camp n\u00b0 1 et au Camp-H\u00f4pital 128 au Nord-Tonkin de 1950 \u00e0 1954<\/span><\/a><\/p>\n<p><a href=\"https:\/\/anapi.fr\/?p=545\"><span style=\"font-family: arial,helvetica,sans-serif; font-size: 14pt;\">Bonnafous Robert \u2013 Les prisonniers de guerre du CEFEO<\/span><\/a><\/p>\n<p><a href=\"https:\/\/anapi.fr\/?p=541\"><span style=\"font-family: arial,helvetica,sans-serif; font-size: 14pt;\">Bonnafous Robert \u2013 Les prisonniers fran\u00e7ais dans les camps Viet minh 1945-1954<\/span><\/a><\/p>\n<p><a href=\"https:\/\/anapi.fr\/?p=3204\"><span style=\"font-size: 14pt; font-family: arial, helvetica, sans-serif;\">Bonnafous Robert &#8211; Le compte des faits<\/span><\/a><\/p>\n<p><a href=\"https:\/\/anapi.fr\/?p=3209\"><span style=\"font-size: 14pt;\"><span style=\"font-family: arial, helvetica, sans-serif;\">Bonnecarrere Paul<\/span> &#8211; Par le sang vers\u00e9<\/span><\/a><\/p>\n<p><a href=\"https:\/\/anapi.fr\/?p=3213\"><span style=\"font-size: 14pt; font-family: arial, helvetica, sans-serif;\">Bornert Lucien &#8211; Dien Bien Phu, citadelle de la gloire<\/span><\/a><\/p>\n<p><a href=\"https:\/\/anapi.fr\/?p=536\"><span style=\"font-family: arial,helvetica,sans-serif; font-size: 14pt;\">Boudarel Georges \u2013 Autobiographie<\/span><\/a><\/p>\n<p><a href=\"https:\/\/anapi.fr\/?p=532\"><span style=\"font-family: arial,helvetica,sans-serif; font-size: 14pt;\">Briche David-Robert \u2013 Au-del\u00e0 de la jungle, la libert\u00e9<\/span><\/a><\/p>\n<p><a href=\"https:\/\/anapi.fr\/?p=2935\"><span style=\"font-family: arial, helvetica, sans-serif; font-size: 14pt;\">Bruge Roger &#8211; Les hommes de Dien Bien Phu<\/span><\/a><\/p>\n<p><a href=\"https:\/\/anapi.fr\/?p=528\"><span style=\"font-family: arial,helvetica,sans-serif; font-size: 14pt;\">Cesari Laurent \u2013 L\u2019Indochine en guerres<\/span><\/a><\/p>\n<p><a href=\"https:\/\/anapi.fr\/?p=525\"><span style=\"font-family: arial,helvetica,sans-serif; font-size: 14pt;\">Charbonnier Bernard \u2013 Monsieur\u2026 le commissaire politique<\/span><\/a><\/p>\n<p><a href=\"https:\/\/anapi.fr\/?p=521\"><span style=\"font-family: arial,helvetica,sans-serif; font-size: 14pt;\">Charuel Marc \u2013 L\u2019affaire Boudarel<\/span><\/a><\/p>\n<p><a href=\"https:\/\/anapi.fr\/?p=517\"><span style=\"font-family: arial,helvetica,sans-serif; font-size: 14pt;\">Cochet Fran\u00e7ois \u2013 Soldats sans armes<\/span><\/a><\/p>\n<p><a href=\"https:\/\/anapi.fr\/?p=513\"><span style=\"font-family: arial,helvetica,sans-serif; font-size: 14pt;\">Collectif de Saint-Cyriens \u2013 Paroles d\u2019Officiers<\/span><\/a><\/p>\n<p><a href=\"https:\/\/anapi.fr\/?p=509\"><span style=\"font-family: arial,helvetica,sans-serif; font-size: 14pt;\">Cornuault Jean \u2013 Du sabre \u00e0 la toge Itin\u00e9raires d\u2019un parachutiste<\/span><\/a><\/p>\n<p><a href=\"https:\/\/anapi.fr\/?p=505\"><span style=\"font-family: arial,helvetica,sans-serif; font-size: 14pt;\">Cruciani Michel \u2013 Le camp 114. Prisonniers en Indochine<\/span><\/a><\/p>\n<p><a href=\"https:\/\/anapi.fr\/?p=501\"><span style=\"font-family: arial,helvetica,sans-serif; font-size: 14pt;\">Dannaud Jean-Pierre \u2013 Guerre morte<\/span><\/a><\/p>\n<p><a href=\"https:\/\/anapi.fr\/?p=497\"><span style=\"font-family: arial,helvetica,sans-serif; font-size: 14pt;\">Daoudal Yves \u2013 Le dossier Boudarel<\/span><\/a><\/p>\n<p><a href=\"https:\/\/anapi.fr\/?p=3221\"><span style=\"font-size: 14pt;\"><span style=\"font-family: arial, helvetica, sans-serif;\">Deroo \u00c9ric &amp; Dutrone Christophe<\/span> &#8211; Le Vi\u00eat-Minh<\/span><\/a><\/p>\n<p><a href=\"https:\/\/anapi.fr\/?p=3225\"><span style=\"font-size: 14pt; font-family: arial, helvetica, sans-serif;\">Deschamps\u00a0G-L &#8211; Commandos d\u2019Indochine<\/span><\/a><\/p>\n<p><a href=\"https:\/\/anapi.fr\/?p=493\"><span style=\"font-family: arial,helvetica,sans-serif; font-size: 14pt;\">De Bourbon-Parme Michel \u2013 Un prince dans la tourmente<\/span><\/a><\/p>\n<p><a href=\"https:\/\/anapi.fr\/?p=489\"><span style=\"font-family: arial,helvetica,sans-serif; font-size: 14pt;\">De Folin Jacques \u2013 Indochine, 1940-1955. La fin d\u2019un r\u00eave<\/span><\/a><\/p>\n<p><a href=\"https:\/\/anapi.fr\/?p=485\"><span style=\"font-family: arial,helvetica,sans-serif; font-size: 14pt;\">De Maleissye Philippe \u2013 La Val<\/span><span style=\"font-family: arial, helvetica, sans-serif; font-size: 14pt;\">l\u00e9e Perdue Dien Bien Phu Indochine 1954<\/span><\/a><\/p>\n<p><a href=\"https:\/\/anapi.fr\/?p=481\"><span style=\"font-family: arial,helvetica,sans-serif; font-size: 14pt;\">De Saint Marc H\u00e9lie \u2013 Indochine, notre guerre orpheline<\/span><\/a><\/p>\n<p><a href=\"https:\/\/anapi.fr\/?p=477\"><span style=\"font-family: arial,helvetica,sans-serif; font-size: 14pt;\">De Sesmaisons Yves \u2013 Prisons de bambou 1951-1952 \u2013 Cai b\u00e0t, cai ph\u00ean<\/span><\/a><\/p>\n<p><a href=\"https:\/\/anapi.fr\/?p=473\"><span style=\"font-family: arial,helvetica,sans-serif; font-size: 14pt;\">Deroo Eric et Vallaud Pierre \u2013 Indochine fran\u00e7aise<\/span><\/a><\/p>\n<p><a href=\"https:\/\/anapi.fr\/?p=469\"><span style=\"font-family: arial,helvetica,sans-serif; font-size: 14pt;\">Einaudi Jean-Luc \u2013 Vietnam ! La guere d\u2019Indochine<\/span><\/a><\/p>\n<p><a href=\"https:\/\/anapi.fr\/?p=465\"><span style=\"font-family: arial,helvetica,sans-serif; font-size: 14pt;\">Fall Bernard \u2013 Communist prisoner-of-war treatment in Indochina<\/span><\/a><\/p>\n<p><a href=\"https:\/\/anapi.fr\/?p=461\"><span style=\"font-family: arial,helvetica,sans-serif; font-size: 14pt;\">Flaks Micha\u00ebl \u2013 Chroniques de la Route Mandarine<\/span><\/a><\/p>\n<p><a href=\"https:\/\/anapi.fr\/?p=3230\"><span style=\"font-size: 14pt; font-family: arial, helvetica, sans-serif;\">Giap Vo N\u2019Guyen : &#8211; Dien Bien Phu<\/span><\/a><\/p>\n<p><a href=\"https:\/\/anapi.fr\/?p=457\"><span style=\"font-family: arial,helvetica,sans-serif; font-size: 14pt;\">Goeldhieux Claude \u2013 Quinze mois prisonnier chez les Viets<\/span><\/a><\/p>\n<p><a href=\"https:\/\/anapi.fr\/?p=453\"><span style=\"font-family: arial,helvetica,sans-serif; font-size: 14pt;\">Gras Yves \u2013 Histoire de la guerre d\u2019Indochine<\/span><\/a><\/p>\n<p><a href=\"https:\/\/anapi.fr\/?p=449\"><span style=\"font-family: arial,helvetica,sans-serif; font-size: 14pt;\">Grauwin Paul \u2013 Seulement m\u00e9decin<\/span><\/a><\/p>\n<p><a href=\"https:\/\/anapi.fr\/?p=445\"><span style=\"font-family: arial,helvetica,sans-serif; font-size: 14pt;\">H\u00e9ry Norbert \u2013 Thu-Binh-1446 jours au camp n\u00b01<\/span><\/a><\/p>\n<p><a href=\"https:\/\/anapi.fr\/?p=441\"><span style=\"font-family: arial,helvetica,sans-serif; font-size: 14pt;\">Huguier Fran\u00e7oise \u2013 J\u2019avais huit ans<\/span><\/a><\/p>\n<p><a href=\"https:\/\/anapi.fr\/?p=437\"><span style=\"font-family: arial,helvetica,sans-serif; font-size: 14pt;\">Jeandel Paul \u2013 Soutane noire et b\u00e9ret rouge<\/span><\/a><\/p>\n<p><a href=\"https:\/\/anapi.fr\/?p=433\"><span style=\"font-family: arial,helvetica,sans-serif; font-size: 14pt;\">Juteau Jean-Marie \u2013 Quand les canons se taisent\u2026 Dien Bien Phu<\/span><\/a><\/p>\n<p><a href=\"https:\/\/anapi.fr\/?p=429\"><span style=\"font-family: arial,helvetica,sans-serif; font-size: 14pt;\">Kemencei Janos \u2013 L\u00e9gionnaire en avant !<\/span><\/a><\/p>\n<p><a href=\"https:\/\/anapi.fr\/?p=425\"><span style=\"font-family: arial,helvetica,sans-serif; font-size: 14pt;\">Ky Thu \u2013 Refermer le pass\u00e9 douloureux<\/span><\/a><\/p>\n<p><a href=\"https:\/\/anapi.fr\/?p=422\"><span style=\"font-family: arial,helvetica,sans-serif; font-size: 14pt;\">Le Minor Patrick &#8211; L\u2019Apsara du tigre \u2013 (nouvelle \u00e9dition)<\/span><\/a><\/p>\n<p><a href=\"https:\/\/anapi.fr\/?p=416\"><span style=\"font-family: arial,helvetica,sans-serif; font-size: 14pt;\">Labrousse Pierre \u2013 La m\u00e9thode viet-minh, Indochine<\/span><\/a><\/p>\n<p><a href=\"https:\/\/anapi.fr\/?p=412\"><span style=\"font-family: arial,helvetica,sans-serif; font-size: 14pt;\">Le FIGARO-HISTOIRE N\u00b0<\/span><span style=\"font-family: arial,helvetica,sans-serif; font-size: 14pt;\">11 sp\u00e9cial Indochine<\/span><\/a><\/p>\n<p><a href=\"https:\/\/anapi.fr\/?p=404\"><span style=\"font-family: arial,helvetica,sans-serif; font-size: 14pt;\">Le Viet-Minh. La r\u00e9publique d\u00e9mocratique du Vietnam 1945-1960<\/span><\/a><\/p>\n<p><a href=\"https:\/\/anapi.fr\/?p=399\"><span style=\"font-family: arial,helvetica,sans-serif; font-size: 14pt;\">Les soldats perdus \u2013 ANAPI<\/span><\/a><\/p>\n<p><a href=\"https:\/\/anapi.fr\/?p=396\"><span style=\"font-family: arial,helvetica,sans-serif; font-size: 14pt;\">Logeay Anne \u2013 Les enfants perdus<\/span><\/a><\/p>\n<p><a href=\"https:\/\/anapi.fr\/?p=392\"><span style=\"font-family: arial,helvetica,sans-serif; font-size: 14pt;\">Mariani Pierre \u2013 Le calvaire des prisonniers intern\u00e9s dans les goulags du Vietminh<\/span><\/a><\/p>\n<p><a href=\"https:\/\/anapi.fr\/?p=388\"><span style=\"font-family: arial,helvetica,sans-serif; font-size: 14pt;\">Mary Ren\u00e9 \u2013 Les bagnards d\u2019Ho Chi Minh<\/span><\/a><\/p>\n<p><a href=\"https:\/\/anapi.fr\/?p=384\"><span style=\"font-family: arial,helvetica,sans-serif; font-size: 14pt;\">Mary Ren\u00e9 \u2013 Nos \u00e9vad\u00e9s d\u2019Indochine<\/span><\/a><\/p>\n<p><a href=\"https:\/\/anapi.fr\/?p=2942\"><span style=\"font-family: arial, helvetica, sans-serif; font-size: 14pt;\">Monin-Cournil Laure &#8211; Dien Bien Phu, des tranch\u00e9es au pr\u00e9toire\u00a0<\/span><\/a><\/p>\n<p><a href=\"https:\/\/anapi.fr\/?p=380\"><span style=\"font-family: arial,helvetica,sans-serif; font-size: 14pt;\">Montaud Raoul \u2013 Les oubli\u00e9s du Tocsin<\/span><\/a><\/p>\n<p><a href=\"https:\/\/anapi.fr\/?p=376\"><span style=\"font-family: arial,helvetica,sans-serif; font-size: 14pt;\">Moreau Ren\u00e9 \u2013 Huit ans otage chez les Viets<\/span><\/a><\/p>\n<p><a href=\"https:\/\/anapi.fr\/?p=371\"><span style=\"font-family: arial,helvetica,sans-serif; font-size: 14pt;\">Pelissier Pierre \u2013 Saint-Cyr. G\u00e9n\u00e9ration Indochine-Alg\u00e9rie<\/span><\/a><\/p>\n<p><a href=\"https:\/\/anapi.fr\/?p=367\"><span style=\"font-family: arial,helvetica,sans-serif; font-size: 14pt;\">Pouget Jean \u2013 Le Manifeste du Camp Num\u00e9ro 1<\/span><\/a><\/p>\n<p><a href=\"https:\/\/anapi.fr\/?p=363\"><span style=\"font-family: arial,helvetica,sans-serif; font-size: 14pt;\">Prugnat Michel \u2013 Aspects de la guerre d\u2019Indochine<\/span><\/a><\/p>\n<p><a href=\"https:\/\/anapi.fr\/?p=359\"><span style=\"font-family: arial,helvetica,sans-serif; font-size: 14pt;\">Revue G\u00e9n\u00e9rale de Droit International Public<\/span><\/a><\/p>\n<p><a href=\"https:\/\/anapi.fr\/?p=355\"><span style=\"font-family: arial,helvetica,sans-serif; font-size: 14pt;\">Richard Pierre \u2013 Cinq ans prisonnier chez les Viets<\/span><\/a><\/p>\n<p><a href=\"https:\/\/anapi.fr\/?p=351\"><span style=\"font-family: arial,helvetica,sans-serif; font-size: 14pt;\">Rignac Paul \u2013 Une vie pour l\u2019Indochine Claude Guioneau<\/span><\/a><\/p>\n<p><a href=\"https:\/\/anapi.fr\/?p=347\"><span style=\"font-family: arial,helvetica,sans-serif; font-size: 14pt;\">Rignac Paul \u2013 La guerre d\u2019Indochine en question<\/span><\/a><\/p>\n<p><a href=\"https:\/\/anapi.fr\/?p=344\"><span style=\"font-family: arial,helvetica,sans-serif; font-size: 14pt;\">Rondy Jean-Louis \u2013 Les m\u00e9thodes viet-minh de lavage de cerveau<\/span><\/a><\/p>\n<p><a href=\"https:\/\/anapi.fr\/?p=338\"><span style=\"font-family: arial,helvetica,sans-serif; font-size: 14pt;\">Salan Raoul \u2013 M\u00e9moires<\/span><\/a><\/p>\n<p><a href=\"https:\/\/anapi.fr\/?p=334\"><span style=\"font-family: arial,helvetica,sans-serif; font-size: 14pt;\">Schmidtt Maurice \u2013 De Dien Bien Phu \u00e0 Kowe\u00eft City<\/span><\/a><\/p>\n<p><a href=\"https:\/\/anapi.fr\/?p=331\"><span style=\"font-family: arial,helvetica,sans-serif; font-size: 14pt;\">S\u00e9radin Nicolas \u2013 (Th\u00e8se d\u2019histoire) \u2013 Les anciens prisonniers de la guerre d\u2019Indochine<\/span><\/a><\/p>\n<p><a href=\"https:\/\/anapi.fr\/?p=327\"><span style=\"font-family: arial,helvetica,sans-serif; font-size: 14pt;\">Stien Louis, \u2013 Les soldats oubli\u00e9s<\/span><\/a><\/p>\n<p><a href=\"https:\/\/anapi.fr\/?p=323\"><span style=\"font-family: arial,helvetica,sans-serif; font-size: 14pt;\">Stilh\u00e9 Albert \u2013 Le pr\u00eatre et le commissaire<\/span><\/a><\/p>\n<p><a href=\"https:\/\/anapi.fr\/?p=319\"><span style=\"font-family: arial,helvetica,sans-serif; font-size: 14pt;\">Teisserenc Jacques \u2013 Les oubli\u00e9s du Nord-Anam<\/span><\/a><\/p>\n<p><a href=\"https:\/\/anapi.fr\/?p=315\"><span style=\"font-family: arial,helvetica,sans-serif; font-size: 14pt;\">Theresin Maurice \u2013 M\u00e9moires de captivit\u00e9<\/span><\/a><\/p>\n<p><a href=\"https:\/\/anapi.fr\/?p=311\"><span style=\"font-family: arial,helvetica,sans-serif; font-size: 14pt;\">Th\u00e9venet Am\u00e9d\u00e9e \u2013 J\u2019ai suv\u00e9cu \u00e0 l\u2019enfer des camps Vi\u00eat minh<\/span><\/a><\/p>\n<p><a href=\"https:\/\/anapi.fr\/?p=307\"><span style=\"font-family: arial,helvetica,sans-serif; font-size: 14pt;\">Th\u00e9venet Am\u00e9d\u00e9e \u2013 La guerre d\u2019Indochine racont\u00e9e par ceux qui l\u2019ont v\u00e9cue<\/span><\/a><\/p>\n<p><a href=\"https:\/\/anapi.fr\/?p=302\"><span style=\"font-family: arial,helvetica,sans-serif; font-size: 14pt;\">Th\u00e9venet Am\u00e9d\u00e9e \u2013 Mourir pour l\u2019Indochine<\/span><\/a><\/p>\n<p><a href=\"https:\/\/anapi.fr\/?p=299\"><span style=\"font-family: arial,helvetica,sans-serif; font-size: 14pt;\">Thomas Capitaine \u2013 Captifs du Viet-Minh<\/span><\/a><\/p>\n<p><a href=\"https:\/\/anapi.fr\/?p=295\"><span style=\"font-family: arial,helvetica,sans-serif; font-size: 14pt;\">Van Coillie Dries \u2013 J\u2019ai subi le lavage de cerveau<\/span><\/a><\/p>\n<p><a href=\"https:\/\/anapi.fr\/?p=289\"><span style=\"font-family: arial,helvetica,sans-serif; font-size: 14pt;\">Vollaire Jacques \u2013 Deux ans de KA NHA<\/span><\/a><\/p>\n<p>&nbsp;<\/p>\n<p>&nbsp;<\/p>\n<p>&nbsp;<\/p>\n<p>&nbsp;<\/p>\n<p>&nbsp;<\/p>\n<p>Views: 164<\/p>","protected":false},"excerpt":{"rendered":"<p>Bibliographie Armantier Louis \u2013 Le balancier Bail Ren\u00e9 &#8211; Dien Bien Phu, un combat de l\u2019impossible Ba Xuan Huynh \u2013 Oubli\u00e9 23 ans dans les goulags Viet minh Bayl\u00e9 Claude \u2013 Prisonnier au camp 113 Bergot Erwan \u2013 Convoi 42 Bergot Erwan &#8211; 2e classe \u00e0 Dien Bien Phu Bergot Erwan &#8211; Les 170 jours [&hellip;]<\/p>\n","protected":false},"author":1,"featured_media":0,"parent":0,"menu_order":2,"comment_status":"closed","ping_status":"closed","template":"","meta":{"_uag_custom_page_level_css":"","site-sidebar-layout":"default","site-content-layout":"default","ast-site-content-layout":"default","site-content-style":"default","site-sidebar-style":"default","ast-global-header-display":"","ast-banner-title-visibility":"","ast-main-header-display":"","ast-hfb-above-header-display":"","ast-hfb-below-header-display":"","ast-hfb-mobile-header-display":"","site-post-title":"disabled","ast-breadcrumbs-content":"disabled","ast-featured-img":"","footer-sml-layout":"","ast-disable-related-posts":"","theme-transparent-header-meta":"default","adv-header-id-meta":"","stick-header-meta":"default","header-above-stick-meta":"","header-main-stick-meta":"","header-below-stick-meta":"","astra-migrate-meta-layouts":"set","ast-page-background-enabled":"default","ast-page-background-meta":{"desktop":{"background-color":"","background-image":"","background-repeat":"repeat","background-position":"center center","background-size":"auto","background-attachment":"scroll","background-type":"","background-media":"","overlay-type":"","overlay-color":"","overlay-opacity":"","overlay-gradient":""},"tablet":{"background-color":"","background-image":"","background-repeat":"repeat","background-position":"center center","background-size":"auto","background-attachment":"scroll","background-type":"","background-media":"","overlay-type":"","overlay-color":"","overlay-opacity":"","overlay-gradient":""},"mobile":{"background-color":"","background-image":"","background-repeat":"repeat","background-position":"center center","background-size":"auto","background-attachment":"scroll","background-type":"","background-media":"","overlay-type":"","overlay-color":"","overlay-opacity":"","overlay-gradient":""}},"ast-content-background-meta":{"desktop":{"background-color":"var(--ast-global-color-5)","background-image":"","background-repeat":"repeat","background-position":"center center","background-size":"auto","background-attachment":"scroll","background-type":"","background-media":"","overlay-type":"","overlay-color":"","overlay-opacity":"","overlay-gradient":""},"tablet":{"background-color":"var(--ast-global-color-5)","background-image":"","background-repeat":"repeat","background-position":"center center","background-size":"auto","background-attachment":"scroll","background-type":"","background-media":"","overlay-type":"","overlay-color":"","overlay-opacity":"","overlay-gradient":""},"mobile":{"background-color":"var(--ast-global-color-5)","background-image":"","background-repeat":"repeat","background-position":"center center","background-size":"auto","background-attachment":"scroll","background-type":"","background-media":"","overlay-type":"","overlay-color":"","overlay-opacity":"","overlay-gradient":""}},"footnotes":""},"class_list":["post-244","page","type-page","status-publish","hentry"],"uagb_featured_image_src":{"full":false,"thumbnail":false,"medium":false,"medium_large":false,"large":false,"1536x1536":false,"2048x2048":false},"uagb_author_info":{"display_name":"ANAPI","author_link":"https:\/\/anapi.fr\/?author=1"},"uagb_comment_info":0,"uagb_excerpt":"Bibliographie Armantier Louis \u2013 Le balancier Bail Ren\u00e9 &#8211; Dien Bien Phu, un combat de l\u2019impossible Ba Xuan Huynh \u2013 Oubli\u00e9 23 ans dans les goulags Viet minh Bayl\u00e9 Claude \u2013 Prisonnier au camp 113 Bergot Erwan \u2013 Convoi 42 Bergot Erwan &#8211; 2e classe \u00e0 Dien Bien Phu Bergot Erwan &#8211; Les 170 jours\u2026","_links":{"self":[{"href":"https:\/\/anapi.fr\/index.php?rest_route=\/wp\/v2\/pages\/244","targetHints":{"allow":["GET"]}}],"collection":[{"href":"https:\/\/anapi.fr\/index.php?rest_route=\/wp\/v2\/pages"}],"about":[{"href":"https:\/\/anapi.fr\/index.php?rest_route=\/wp\/v2\/types\/page"}],"author":[{"embeddable":true,"href":"https:\/\/anapi.fr\/index.php?rest_route=\/wp\/v2\/users\/1"}],"replies":[{"embeddable":true,"href":"https:\/\/anapi.fr\/index.php?rest_route=%2Fwp%2Fv2%2Fcomments&post=244"}],"version-history":[{"count":165,"href":"https:\/\/anapi.fr\/index.php?rest_route=\/wp\/v2\/pages\/244\/revisions"}],"predecessor-version":[{"id":3234,"href":"https:\/\/anapi.fr\/index.php?rest_route=\/wp\/v2\/pages\/244\/revisions\/3234"}],"wp:attachment":[{"href":"https:\/\/anapi.fr\/index.php?rest_route=%2Fwp%2Fv2%2Fmedia&parent=244"}],"curies":[{"name":"wp","href":"https:\/\/api.w.org\/{rel}","templated":true}]}}