{"id":248,"date":"2021-01-12T16:23:32","date_gmt":"2021-01-12T16:23:32","guid":{"rendered":"http:\/\/s856749478.onlinehome.fr\/?page_id=248"},"modified":"2025-11-03T13:38:39","modified_gmt":"2025-11-03T13:38:39","slug":"temoignages","status":"publish","type":"page","link":"https:\/\/anapi.fr\/?page_id=248","title":{"rendered":"T\u00e9moignages"},"content":{"rendered":"<p>T\u00e9moignages<\/p>\n<p><span style=\"font-family: arial,helvetica,sans-serif; font-size: 14pt;\"><a href=\"https:\/\/anapi.fr\/?p=603\">Eric REQUET : Prisonnier des Japonais \u2013 T\u00e9moignage<\/a><\/span><\/p>\n<p><span style=\"font-family: arial,helvetica,sans-serif; font-size: 14pt;\"><a href=\"https:\/\/anapi.fr\/?p=607\">G\u00e9n\u00e9ral Michel PRUGNAT : Prisonniers des Japonais \u2013 T\u00e9moignage<\/a><\/span><\/p>\n<p><span style=\"font-family: arial,helvetica,sans-serif; font-size: 14pt;\"><a href=\"https:\/\/anapi.fr\/?p=618\">Georges MOREL : Prisonniers des Japonais \u2013 T\u00e9moignage<\/a><\/span><\/p>\n<p><span style=\"font-family: arial,helvetica,sans-serif; font-size: 14pt;\"><a href=\"https:\/\/anapi.fr\/?p=621\">Georges SUAUDEAU : Prisonniers du Vi\u00eat minh \u2013 T\u00e9moignage<\/a><\/span><\/p>\n<p><span style=\"font-family: arial,helvetica,sans-serif; font-size: 14pt;\"><a href=\"https:\/\/anapi.fr\/?p=678\">Guy LELAISE : Prisonniers du Vi\u00eat minh \u2013 T\u00e9moignage<\/a><\/span><\/p>\n<p><span style=\"font-family: arial,helvetica,sans-serif; font-size: 14pt;\"><a href=\"https:\/\/anapi.fr\/?p=760\">Henriette AMIGUET : Prisonniers des Japonais \u2013 T\u00e9moignage<\/a><\/span><\/p>\n<p><span style=\"font-family: arial,helvetica,sans-serif; font-size: 14pt;\"><a href=\"https:\/\/anapi.fr\/?p=766\">Sergent BESAMAT : Prisonniers de Cor\u00e9e \u2013 T\u00e9moignage<\/a><\/span><\/p>\n<p><span style=\"font-family: arial, helvetica, sans-serif; font-size: 14pt;\"><a href=\"https:\/\/anapi.fr\/?p=2963\">Jacques DOP : Prisonnier du Vi\u00eat minh &#8211; T\u00e9moignage<\/a>\u00a0<\/span><\/p>\n<p><a href=\"https:\/\/anapi.fr\/?p=3761\"><span style=\"font-family: arial, helvetica, sans-serif; font-size: 14pt;\">Aim\u00e9 TROCME : Le parcours de prisonnier &#8211; T\u00e9moignage<\/span><\/a><\/p>\n<p><a href=\"https:\/\/anapi.fr\/?p=3791\"><span style=\"font-size: 14pt; font-family: arial, helvetica, sans-serif;\">Daniel GUIDE : Des camps nazis \u00e0 ceux du Vi\u00eat-minh<\/span><\/a><\/p>\n<p><a href=\"https:\/\/anapi.fr\/?p=3808\"><span style=\"font-family: arial, helvetica, sans-serif; font-size: 14pt;\">Robert SCHUERMANS : Itin\u00e9raire d&#8217;un para du 3\u00e8me BCCP en Indochine<\/span><\/a><\/p>\n<p><a href=\"https:\/\/anapi.fr\/?p=3836\"><span style=\"font-family: arial, helvetica, sans-serif; font-size: 14pt;\">Marcel SCHNEYDER : Sa\u00efgon, 9 mars 1945\u00a0: le coup de force des Japonais v\u00e9cu par un adolescent<\/span><\/a><\/p>\n<p><a href=\"https:\/\/anapi.fr\/?p=3901\"><span style=\"font-size: 14pt; font-family: arial, helvetica, sans-serif;\">M\u00e9decin Andr\u00e9 : T\u00e9moignage du m\u00e9decin Andr\u00e9 sur la bataille de Nghia Lo et sa captivit\u00e9 (1952-1954)<\/span><\/a><\/p>\n<p>Views: 323<\/p>","protected":false},"excerpt":{"rendered":"<p>T\u00e9moignages Eric REQUET : Prisonnier des Japonais \u2013 T\u00e9moignage G\u00e9n\u00e9ral Michel PRUGNAT : Prisonniers des Japonais \u2013 T\u00e9moignage Georges MOREL : Prisonniers des Japonais \u2013 T\u00e9moignage Georges SUAUDEAU : Prisonniers du Vi\u00eat minh \u2013 T\u00e9moignage Guy LELAISE : Prisonniers du Vi\u00eat minh \u2013 T\u00e9moignage Henriette AMIGUET : Prisonniers des Japonais \u2013 T\u00e9moignage Sergent BESAMAT : [&hellip;]<\/p>\n","protected":false},"author":1,"featured_media":0,"parent":0,"menu_order":4,"comment_status":"closed","ping_status":"closed","template":"","meta":{"_uag_custom_page_level_css":"","site-sidebar-layout":"default","site-content-layout":"default","ast-site-content-layout":"default","site-content-style":"default","site-sidebar-style":"default","ast-global-header-display":"","ast-banner-title-visibility":"","ast-main-header-display":"","ast-hfb-above-header-display":"","ast-hfb-below-header-display":"","ast-hfb-mobile-header-display":"","site-post-title":"disabled","ast-breadcrumbs-content":"disabled","ast-featured-img":"","footer-sml-layout":"","ast-disable-related-posts":"","theme-transparent-header-meta":"default","adv-header-id-meta":"","stick-header-meta":"default","header-above-stick-meta":"","header-main-stick-meta":"","header-below-stick-meta":"","astra-migrate-meta-layouts":"set","ast-page-background-enabled":"default","ast-page-background-meta":{"desktop":{"background-color":"","background-image":"","background-repeat":"repeat","background-position":"center center","background-size":"auto","background-attachment":"scroll","background-type":"","background-media":"","overlay-type":"","overlay-color":"","overlay-opacity":"","overlay-gradient":""},"tablet":{"background-color":"","background-image":"","background-repeat":"repeat","background-position":"center center","background-size":"auto","background-attachment":"scroll","background-type":"","background-media":"","overlay-type":"","overlay-color":"","overlay-opacity":"","overlay-gradient":""},"mobile":{"background-color":"","background-image":"","background-repeat":"repeat","background-position":"center center","background-size":"auto","background-attachment":"scroll","background-type":"","background-media":"","overlay-type":"","overlay-color":"","overlay-opacity":"","overlay-gradient":""}},"ast-content-background-meta":{"desktop":{"background-color":"var(--ast-global-color-5)","background-image":"","background-repeat":"repeat","background-position":"center center","background-size":"auto","background-attachment":"scroll","background-type":"","background-media":"","overlay-type":"","overlay-color":"","overlay-opacity":"","overlay-gradient":""},"tablet":{"background-color":"var(--ast-global-color-5)","background-image":"","background-repeat":"repeat","background-position":"center center","background-size":"auto","background-attachment":"scroll","background-type":"","background-media":"","overlay-type":"","overlay-color":"","overlay-opacity":"","overlay-gradient":""},"mobile":{"background-color":"var(--ast-global-color-5)","background-image":"","background-repeat":"repeat","background-position":"center center","background-size":"auto","background-attachment":"scroll","background-type":"","background-media":"","overlay-type":"","overlay-color":"","overlay-opacity":"","overlay-gradient":""}},"footnotes":""},"class_list":["post-248","page","type-page","status-publish","hentry"],"uagb_featured_image_src":{"full":false,"thumbnail":false,"medium":false,"medium_large":false,"large":false,"1536x1536":false,"2048x2048":false},"uagb_author_info":{"display_name":"ANAPI","author_link":"https:\/\/anapi.fr\/?author=1"},"uagb_comment_info":0,"uagb_excerpt":"T\u00e9moignages Eric REQUET : Prisonnier des Japonais \u2013 T\u00e9moignage G\u00e9n\u00e9ral Michel PRUGNAT : Prisonniers des Japonais \u2013 T\u00e9moignage Georges MOREL : Prisonniers des Japonais \u2013 T\u00e9moignage Georges SUAUDEAU : Prisonniers du Vi\u00eat minh \u2013 T\u00e9moignage Guy LELAISE : Prisonniers du Vi\u00eat minh \u2013 T\u00e9moignage Henriette AMIGUET : Prisonniers des Japonais \u2013 T\u00e9moignage Sergent BESAMAT :\u2026","_links":{"self":[{"href":"https:\/\/anapi.fr\/index.php?rest_route=\/wp\/v2\/pages\/248","targetHints":{"allow":["GET"]}}],"collection":[{"href":"https:\/\/anapi.fr\/index.php?rest_route=\/wp\/v2\/pages"}],"about":[{"href":"https:\/\/anapi.fr\/index.php?rest_route=\/wp\/v2\/types\/page"}],"author":[{"embeddable":true,"href":"https:\/\/anapi.fr\/index.php?rest_route=\/wp\/v2\/users\/1"}],"replies":[{"embeddable":true,"href":"https:\/\/anapi.fr\/index.php?rest_route=%2Fwp%2Fv2%2Fcomments&post=248"}],"version-history":[{"count":28,"href":"https:\/\/anapi.fr\/index.php?rest_route=\/wp\/v2\/pages\/248\/revisions"}],"predecessor-version":[{"id":3911,"href":"https:\/\/anapi.fr\/index.php?rest_route=\/wp\/v2\/pages\/248\/revisions\/3911"}],"wp:attachment":[{"href":"https:\/\/anapi.fr\/index.php?rest_route=%2Fwp%2Fv2%2Fmedia&parent=248"}],"curies":[{"name":"wp","href":"https:\/\/api.w.org\/{rel}","templated":true}]}}