{"id":252,"date":"2021-01-12T16:24:38","date_gmt":"2021-01-12T16:24:38","guid":{"rendered":"http:\/\/s856749478.onlinehome.fr\/?page_id=252"},"modified":"2024-03-04T17:14:37","modified_gmt":"2024-03-04T17:14:37","slug":"liens","status":"publish","type":"page","link":"https:\/\/anapi.fr\/?page_id=252","title":{"rendered":"Liens"},"content":{"rendered":"<table>\n<tbody>\n<tr>\n<td>Association de soutien \u00e0 l\u2019arm\u00e9e fran\u00e7aise (ASAF)<\/td>\n<td><a href=\"http:\/\/www.asafrance.fr\" target=\"_blank\" rel=\"noopener\">www.asafrance.fr<\/a><\/td>\n<\/tr>\n<tr>\n<td>Association Le souvenirs Fran\u00e7ais<\/td>\n<td><a href=\"https:\/\/le-souvenir-francais.fr\" target=\"_blank\" rel=\"noopener\">https:\/\/le-souvenir-francais.fr<\/a><\/td>\n<\/tr>\n<tr>\n<td>F\u00e9d\u00e9ration des Soci\u00e9t\u00e9s d&#8217;Anciens de la L\u00e9gion \u00e9trang\u00e8re (FSALE)<\/td>\n<td><a href=\"http:\/\/www.legionetrangere.fr\" target=\"_blank\" rel=\"noopener\">www.legionetrangere.fr<\/a><\/td>\n<\/tr>\n<tr>\n<td>F\u00e9d\u00e9ration Nationale Andr\u00e9 Maginot des Anciens Combattants et victimes de guerre (FNAM)<\/td>\n<td><a href=\"http:\/\/www.federation-maginot.com\" target=\"_blank\" rel=\"noopener\">www.federation-maginot.com<\/a><\/td>\n<\/tr>\n<tr>\n<td><\/td>\n<td><\/td>\n<\/tr>\n<tr>\n<td>Office national des anciens combattants et victimes de \u00a0guerre (ONAC-VG)<\/td>\n<td><a href=\"http:\/\/www.onac-vg.fr\" target=\"_blank\" rel=\"noopener\">http:\/\/www.onac-vg.fr<\/a><\/td>\n<\/tr>\n<tr>\n<td>Union des Bless\u00e9s de la Face et de la T\u00eate &#8220;Les Gueules Cass\u00e9es&#8221; (UBFT)<\/td>\n<td><a href=\"http:\/\/www.gueules-cassees.asso.fr\" target=\"_blank\" rel=\"noopener\">http:\/\/www.gueules-cassees.asso.fr<\/a><\/td>\n<\/tr>\n<tr>\n<td>Union nationale des Combattants (UNC)<\/td>\n<td><a href=\"http:\/\/www.unc.fr\" target=\"_blank\" rel=\"noopener\">http:\/\/www.unc.fr<\/a><\/td>\n<\/tr>\n<tr>\n<td>Union nationale des Parachutistes (UNP)<\/td>\n<td><a href=\"http:\/\/www.union-nat-parachutistes.org\" target=\"_blank\" rel=\"noopener\">http:\/\/www.union-nat-parachutistes.org<\/a><\/td>\n<\/tr>\n<tr>\n<td><\/td>\n<td><\/td>\n<\/tr>\n<\/tbody>\n<\/table>\n<table style=\"height: 544px; width: 104.482%; border-collapse: collapse; border-color: #ebc509; background-color: #d6d2d2;\">\n<tbody>\n<tr style=\"height: 51px;\">\n<td style=\"width: 194.188%; height: 51px;\"><span style=\"font-family: arial, helvetica, sans-serif; color: #000000;\">Acad\u00e9mie des Sciences d&#8217;Outre-Mer<\/span><\/td>\n<td style=\"width: 20.7947%; height: 51px;\"><span style=\"font-family: arial, helvetica, sans-serif; font-size: 14pt; color: #008000;\"><a style=\"color: #008000;\" href=\"http:\/\/www.academiedoutremer.fr\" target=\"_blank\" rel=\"noopener\">http:\/\/www.academiedoutremer.fr<\/a><\/span><\/td>\n<\/tr>\n<tr style=\"height: 51px;\">\n<td style=\"width: 194.188%; height: 51px;\"><span style=\"font-family: arial, helvetica, sans-serif; color: #000000;\">Amicale des planteurs d\u2019h\u00e9v\u00e9as (APH)<\/span><\/td>\n<td style=\"width: 20.7947%; height: 51px;\"><span style=\"font-family: arial, helvetica, sans-serif; font-size: 14pt; color: #008000;\"><a style=\"color: #008000;\" href=\"http:\/\/heveaph.org\" target=\"_blank\" rel=\"noopener\">http:\/\/heveaph.org<\/a><\/span><\/td>\n<\/tr>\n<tr style=\"height: 51px;\">\n<td style=\"width: 194.188%; height: 51px;\"><span style=\"font-family: arial, helvetica, sans-serif; color: #000000;\">Association La Saint-Cyrienne<\/span><\/td>\n<td style=\"width: 20.7947%; height: 51px;\"><span style=\"font-family: arial, helvetica, sans-serif; font-size: 14pt; color: #008000;\"><a style=\"color: #008000;\" href=\"http:\/\/www.saint-cyr.org\" target=\"_blank\" rel=\"noopener\">http:\/\/www.saint-cyr.org<\/a><\/span><\/td>\n<\/tr>\n<tr style=\"height: 51px;\">\n<td style=\"width: 194.188%; height: 51px;\"><span style=\"font-family: arial, helvetica, sans-serif; color: #000000;\">Association les Comptoirs de l&#8217;Inde<\/span><\/td>\n<td style=\"width: 20.7947%; height: 51px;\"><span style=\"font-family: arial, helvetica, sans-serif; font-size: 14pt; color: #008000;\"><a style=\"color: #008000;\" href=\"http:\/\/www.comptoirsinde.org\" target=\"_blank\" rel=\"noopener\">http:\/\/www.comptoirsinde.org<\/a><\/span><\/td>\n<\/tr>\n<tr style=\"height: 51px;\">\n<td style=\"width: 194.188%; height: 51px;\"><span style=\"font-family: arial, helvetica, sans-serif; color: #000000;\">Association Les Ecrivains combattants<\/span><\/td>\n<td style=\"width: 20.7947%; height: 51px;\"><span style=\"font-family: arial, helvetica, sans-serif; font-size: 14pt; color: #008000;\"><a style=\"color: #008000;\" href=\"http:\/\/www.lesecrivainscombattants.org\" target=\"_blank\" rel=\"noopener\">http:\/\/www.lesecrivainscombattants.org<\/a><\/span><\/td>\n<\/tr>\n<tr style=\"height: 51px;\">\n<td style=\"width: 194.188%; height: 51px;\"><span style=\"font-family: arial, helvetica, sans-serif; color: #000000;\">Association Petite Esp\u00e9rance France-Vietnam<\/span><\/td>\n<td style=\"width: 20.7947%; height: 51px;\"><span style=\"font-family: arial, helvetica, sans-serif; font-size: 14pt; color: #008000;\"><a style=\"color: #008000;\" href=\"http:\/\/www.pefv.fr\" target=\"_blank\" rel=\"noopener\">http:\/\/www.pefv.fr<\/a><\/span><\/td>\n<\/tr>\n<tr style=\"height: 51px;\">\n<td style=\"width: 194.188%; height: 51px;\"><span style=\"font-family: arial, helvetica, sans-serif; color: #000000;\">Association Secours de France<\/span><\/td>\n<td style=\"width: 20.7947%; height: 51px;\"><span style=\"font-family: arial, helvetica, sans-serif; font-size: 14pt; color: #008000;\"><a style=\"color: #008000;\" href=\"http:\/\/www.secoursdefrance.com\" target=\"_blank\" rel=\"noopener\">http:\/\/www.secoursdefrance.com<\/a><\/span><\/td>\n<\/tr>\n<tr style=\"height: 51px;\">\n<td style=\"width: 194.188%; height: 51px;\"><span style=\"font-family: arial, helvetica, sans-serif; color: #000000;\">Association Terre Fraternit\u00e9<\/span><\/td>\n<td style=\"width: 20.7947%; height: 51px;\"><span style=\"font-family: arial, helvetica, sans-serif; font-size: 14pt; color: #008000;\"><a style=\"color: #008000;\" href=\"http:\/\/www.terre-fraternite.fr\" target=\"_blank\" rel=\"noopener\">http:\/\/www.terre-fraternite.fr<\/a><\/span><\/td>\n<\/tr>\n<tr style=\"height: 85px;\">\n<td style=\"width: 194.188%; height: 85px;\" align=\"LEFT\" valign=\"BOTTOM\" height=\"20\"><span style=\"font-family: arial, helvetica, sans-serif; color: #000000;\">\u0152uvre Nationale du Bleuet de France<\/span><\/td>\n<td style=\"width: 20.7947%; height: 85px;\" align=\"LEFT\" valign=\"BOTTOM\" height=\"20\"><span style=\"font-family: arial, helvetica, sans-serif; font-size: 14pt; color: #008000;\"><a style=\"color: #008000;\" href=\"http:\/\/www.onac-vg.fr\/presentation-du-bleuet-de-france\" target=\"_blank\" rel=\"noopener\">www.onac-vg.fr\/presentation-du-bleuet-de-france<\/a><\/span><\/td>\n<\/tr>\n<tr style=\"height: 51px;\">\n<td style=\"width: 194.188%; height: 51px;\"><span style=\"font-family: arial, helvetica, sans-serif; color: #000000;\">Etudiants du M\u00e9kong<\/span><\/td>\n<td style=\"width: 20.7947%; height: 51px;\"><span style=\"font-family: arial, helvetica, sans-serif; font-size: 14pt; color: #008000;\"><a style=\"color: #008000;\" href=\"http:\/\/etudiantsdumekong.asia\" target=\"_blank\" rel=\"noopener\">http:\/\/etudiantsdumekong.asia<\/a><\/span><\/td>\n<\/tr>\n<\/tbody>\n<\/table>\n<table style=\"width: 103.077%; border-collapse: collapse; border-style: solid; border-color: #f0d90c; background-color: #d6d2d2;\">\n<tbody>\n<tr>\n<td style=\"width: 50%;\"><span style=\"font-family: arial, helvetica, sans-serif; color: #000000;\">Enfants du M\u00e9kong<\/span><\/td>\n<td style=\"width: 53.007%;\" align=\"LEFT\" valign=\"BOTTOM\" height=\"20\"><span style=\"font-family: arial, helvetica, sans-serif; font-size: 14pt; color: #008000;\"><a style=\"color: #008000;\" href=\"http:\/\/www.enfantsdumekong.com\" target=\"_blank\" rel=\"noopener\">www.enfantsdumekong.com<\/a><\/span><\/td>\n<\/tr>\n<tr>\n<td style=\"width: 50%;\"><span style=\"font-family: arial, helvetica, sans-serif; color: #000000;\">\u00c9tablissement de communication et production audiovisuelle de la D\u00e9fense (ECPAD)<\/span><\/td>\n<td style=\"width: 53.007%;\" align=\"LEFT\" valign=\"BOTTOM\" height=\"20\"><span style=\"font-family: arial, helvetica, sans-serif; font-size: 14pt; color: #008000;\"><a style=\"color: #008000;\" href=\"http:\/\/www.ecpad.fr\" target=\"_blank\" rel=\"noopener\">www.ecpad.fr<\/a><\/span><\/td>\n<\/tr>\n<tr>\n<td style=\"width: 50%;\"><span style=\"font-family: arial, helvetica, sans-serif; color: #000000;\">Institution Nationale des Invalides<\/span><\/td>\n<td style=\"width: 53.007%;\"><span style=\"font-family: arial, helvetica, sans-serif; font-size: 14pt; color: #008000;\"><a style=\"color: #008000;\" href=\"http:\/\/www.invalides.fr\" target=\"_blank\" rel=\"noopener\">http:\/\/www.invalides.fr<\/a><\/span><\/td>\n<\/tr>\n<tr>\n<td style=\"width: 50%;\"><span style=\"font-family: arial, helvetica, sans-serif; color: #000000;\">Institution de la L\u00e9gion d&#8217;honneur<\/span><\/td>\n<td style=\"width: 53.007%;\" align=\"LEFT\" valign=\"BOTTOM\" height=\"20\"><span style=\"font-family: arial, helvetica, sans-serif; font-size: 14pt; color: #008000;\"><a style=\"color: #008000;\" href=\"http:\/\/www.legiondhonneur.fr\" target=\"_blank\" rel=\"noopener\">www.legiondhonneur.fr<\/a><\/span><\/td>\n<\/tr>\n<tr>\n<td style=\"width: 50%;\"><span style=\"font-family: arial, helvetica, sans-serif; color: #000000;\">La Flamme sous l\u2019Arc de Triomphe<\/span><\/td>\n<td style=\"width: 53.007%;\" align=\"LEFT\" valign=\"BOTTOM\" height=\"20\"><span style=\"font-family: arial, helvetica, sans-serif; font-size: 14pt; color: #008000;\"><a style=\"color: #008000;\" href=\"http:\/\/www.laflammesouslarcdetriomphe.org\" target=\"_blank\" rel=\"noopener\">www.laflammesouslarcdetriomphe.org<\/a><\/span><\/td>\n<\/tr>\n<tr>\n<td style=\"width: 50%;\"><span style=\"font-family: arial, helvetica, sans-serif; color: #000000;\">Mairie de Nogent-sur-Marne<\/span><\/td>\n<td style=\"width: 53.007%;\"><span style=\"font-family: arial, helvetica, sans-serif; font-size: 14pt; color: #008000;\"><a style=\"color: #008000;\" href=\"https:\/\/ville-nogentsurmarne.com\" target=\"_blank\" rel=\"noopener\">https:\/\/ville-nogentsurmarne.com<\/a><\/span><\/td>\n<\/tr>\n<tr>\n<td style=\"width: 50%;\"><span style=\"font-family: arial, helvetica, sans-serif; color: #000000;\">M\u00e9morial des guerres en Indochine de Fr\u00e9jus<\/span><\/td>\n<td style=\"width: 53.007%;\" align=\"LEFT\" valign=\"BOTTOM\" height=\"20\"><span style=\"font-family: arial, helvetica, sans-serif; font-size: 14pt; color: #008000;\"><a style=\"color: #008000;\" href=\"http:\/\/www.onac-vg.fr\/hauts-lieux-memoire-necropoles\/memorial-des-guerres-en-indochine\" target=\"_blank\" rel=\"noopener\">www.onac-vg.fr\/hauts-lieux-memoire-necropoles\/memorial-des-guerres-en-indochine<\/a><\/span><\/td>\n<\/tr>\n<tr>\n<td style=\"width: 50%;\"><span style=\"font-family: arial, helvetica, sans-serif; color: #000000;\">M\u00e9morial des guerres en Indochine de Fr\u00e9jus<\/span><\/td>\n<td style=\"width: 53.007%;\"><span style=\"font-family: arial, helvetica, sans-serif; font-size: 14pt; color: #008000;\"><a style=\"color: #008000;\" href=\"https:\/\/frejus.fr\/decouverte\/memorial-des-guerres-en-indochine\" target=\"_blank\" rel=\"noopener\">https:\/\/frejus.fr\/decouverte\/memorial-des-guerres-en-indochine<\/a><\/span><\/td>\n<\/tr>\n<tr>\n<td style=\"width: 50%;\"><span style=\"font-family: arial, helvetica, sans-serif; color: #000000;\">Missions \u00e9trang\u00e8res de Paris<\/span><\/td>\n<td style=\"width: 53.007%;\"><span style=\"font-family: arial, helvetica, sans-serif; font-size: 14pt; color: #008000;\"><a style=\"color: #008000;\" href=\"https:\/\/missionsetrangeres.com\" target=\"_blank\" rel=\"noopener\">https:\/\/missionsetrangeres.com<\/a><\/span><\/td>\n<\/tr>\n<tr>\n<td style=\"width: 50%;\"><span style=\"font-family: arial, helvetica, sans-serif; color: #000000;\">Mus\u00e9e de l&#8217;Arm\u00e9e &#8211; H\u00f4tel National des Invalides<\/span><\/td>\n<td style=\"width: 53.007%;\" align=\"LEFT\" valign=\"BOTTOM\" height=\"20\"><span style=\"font-family: arial, helvetica, sans-serif; font-size: 14pt; color: #008000;\"><a style=\"color: #008000;\" href=\"http:\/\/www.musee-armee.fr\" target=\"_blank\" rel=\"noopener\">www.musee-armee.fr<\/a><\/span><\/td>\n<\/tr>\n<\/tbody>\n<\/table>\n<table style=\"width: 102.657%; border-collapse: collapse; border-style: solid; border-color: #f7f00c; background-color: #d6d2d2;\">\n<tbody>\n<tr>\n<td style=\"width: 50%;\"><span style=\"font-family: arial, helvetica, sans-serif; color: #000000;\">Revue D\u00e9fense Nationale<\/span><\/td>\n<td style=\"width: 52.5874%;\" align=\"LEFT\" valign=\"BOTTOM\" height=\"20\"><span style=\"color: #008000; font-family: arial, helvetica, sans-serif; font-size: 14pt;\"><a style=\"color: #008000;\" href=\"http:\/\/www.defnat.com\" target=\"_blank\" rel=\"noopener\">www.defnat.com\u00a0<\/a><\/span><\/td>\n<\/tr>\n<tr>\n<td style=\"width: 50%;\"><span style=\"font-family: arial, helvetica, sans-serif; color: #000000;\">Revue Les chemins de m\u00e9moire<\/span><\/td>\n<td style=\"width: 52.5874%;\" align=\"LEFT\" valign=\"BOTTOM\" height=\"20\"><span style=\"color: #008000; font-family: arial, helvetica, sans-serif; font-size: 14pt;\"><a style=\"color: #008000;\" href=\"http:\/\/www.cheminsdememoire.gouv.fr\" target=\"_blank\" rel=\"noopener\">www.cheminsdememoire.gouv.fr<\/a><\/span><\/td>\n<\/tr>\n<tr>\n<td style=\"width: 50%;\"><span style=\"font-family: arial, helvetica, sans-serif; color: #000000;\">Service historique de la D\u00e9fense (SHD)<\/span><\/td>\n<td style=\"width: 52.5874%;\" align=\"LEFT\" valign=\"BOTTOM\" height=\"20\"><span style=\"color: #008000; font-family: arial, helvetica, sans-serif; font-size: 14pt;\"><a style=\"color: #008000;\" href=\"https:\/\/www.servicehistorique.sga.defense.gouv.fr\/\" target=\"_blank\" rel=\"noopener\">https:\/\/www.servicehistorique.sga.defense.gouv.fr\/<\/a><\/span><\/td>\n<\/tr>\n<tr>\n<td style=\"width: 50%;\"><span style=\"font-family: arial, helvetica, sans-serif; color: #000000;\">Soci\u00e9t\u00e9 d&#8217;Entraide des Membres de la L\u00e9gion d&#8217;Honneur (SMLH)<\/span><\/td>\n<td style=\"width: 52.5874%;\" align=\"LEFT\" valign=\"BOTTOM\" height=\"20\"><span style=\"color: #008000; font-family: arial, helvetica, sans-serif; font-size: 14pt;\"><a style=\"color: #008000;\" href=\"http:\/\/www.smlh.fr\" target=\"_blank\" rel=\"noopener\">www.smlh.fr<\/a><\/span><\/td>\n<\/tr>\n<\/tbody>\n<\/table>\n<p>Views: 113<\/p>","protected":false},"excerpt":{"rendered":"<p>Association de soutien \u00e0 l\u2019arm\u00e9e fran\u00e7aise (ASAF) www.asafrance.fr Association Le souvenirs Fran\u00e7ais https:\/\/le-souvenir-francais.fr F\u00e9d\u00e9ration des Soci\u00e9t\u00e9s d&#8217;Anciens de la L\u00e9gion \u00e9trang\u00e8re (FSALE) www.legionetrangere.fr F\u00e9d\u00e9ration Nationale Andr\u00e9 Maginot des Anciens Combattants et victimes de guerre (FNAM) www.federation-maginot.com Office national des anciens combattants et victimes de \u00a0guerre (ONAC-VG) http:\/\/www.onac-vg.fr Union des Bless\u00e9s de la Face et de [&hellip;]<\/p>\n","protected":false},"author":1,"featured_media":0,"parent":0,"menu_order":6,"comment_status":"closed","ping_status":"closed","template":"","meta":{"_uag_custom_page_level_css":"","site-sidebar-layout":"default","site-content-layout":"default","ast-site-content-layout":"default","site-content-style":"default","site-sidebar-style":"default","ast-global-header-display":"","ast-banner-title-visibility":"","ast-main-header-display":"","ast-hfb-above-header-display":"","ast-hfb-below-header-display":"","ast-hfb-mobile-header-display":"","site-post-title":"disabled","ast-breadcrumbs-content":"disabled","ast-featured-img":"","footer-sml-layout":"","ast-disable-related-posts":"","theme-transparent-header-meta":"default","adv-header-id-meta":"","stick-header-meta":"default","header-above-stick-meta":"","header-main-stick-meta":"","header-below-stick-meta":"","astra-migrate-meta-layouts":"set","ast-page-background-enabled":"default","ast-page-background-meta":{"desktop":{"background-color":"","background-image":"","background-repeat":"repeat","background-position":"center center","background-size":"auto","background-attachment":"scroll","background-type":"","background-media":"","overlay-type":"","overlay-color":"","overlay-opacity":"","overlay-gradient":""},"tablet":{"background-color":"","background-image":"","background-repeat":"repeat","background-position":"center center","background-size":"auto","background-attachment":"scroll","background-type":"","background-media":"","overlay-type":"","overlay-color":"","overlay-opacity":"","overlay-gradient":""},"mobile":{"background-color":"","background-image":"","background-repeat":"repeat","background-position":"center center","background-size":"auto","background-attachment":"scroll","background-type":"","background-media":"","overlay-type":"","overlay-color":"","overlay-opacity":"","overlay-gradient":""}},"ast-content-background-meta":{"desktop":{"background-color":"var(--ast-global-color-5)","background-image":"","background-repeat":"repeat","background-position":"center center","background-size":"auto","background-attachment":"scroll","background-type":"","background-media":"","overlay-type":"","overlay-color":"","overlay-opacity":"","overlay-gradient":""},"tablet":{"background-color":"var(--ast-global-color-5)","background-image":"","background-repeat":"repeat","background-position":"center center","background-size":"auto","background-attachment":"scroll","background-type":"","background-media":"","overlay-type":"","overlay-color":"","overlay-opacity":"","overlay-gradient":""},"mobile":{"background-color":"var(--ast-global-color-5)","background-image":"","background-repeat":"repeat","background-position":"center center","background-size":"auto","background-attachment":"scroll","background-type":"","background-media":"","overlay-type":"","overlay-color":"","overlay-opacity":"","overlay-gradient":""}},"footnotes":""},"class_list":["post-252","page","type-page","status-publish","hentry"],"uagb_featured_image_src":{"full":false,"thumbnail":false,"medium":false,"medium_large":false,"large":false,"1536x1536":false,"2048x2048":false},"uagb_author_info":{"display_name":"ANAPI","author_link":"https:\/\/anapi.fr\/?author=1"},"uagb_comment_info":0,"uagb_excerpt":"Association de soutien \u00e0 l\u2019arm\u00e9e fran\u00e7aise (ASAF) www.asafrance.fr Association Le souvenirs Fran\u00e7ais https:\/\/le-souvenir-francais.fr F\u00e9d\u00e9ration des Soci\u00e9t\u00e9s d&#8217;Anciens de la L\u00e9gion \u00e9trang\u00e8re (FSALE) www.legionetrangere.fr F\u00e9d\u00e9ration Nationale Andr\u00e9 Maginot des Anciens Combattants et victimes de guerre (FNAM) www.federation-maginot.com Office national des anciens combattants et victimes de \u00a0guerre (ONAC-VG) http:\/\/www.onac-vg.fr Union des Bless\u00e9s de la Face et de\u2026","_links":{"self":[{"href":"https:\/\/anapi.fr\/index.php?rest_route=\/wp\/v2\/pages\/252","targetHints":{"allow":["GET"]}}],"collection":[{"href":"https:\/\/anapi.fr\/index.php?rest_route=\/wp\/v2\/pages"}],"about":[{"href":"https:\/\/anapi.fr\/index.php?rest_route=\/wp\/v2\/types\/page"}],"author":[{"embeddable":true,"href":"https:\/\/anapi.fr\/index.php?rest_route=\/wp\/v2\/users\/1"}],"replies":[{"embeddable":true,"href":"https:\/\/anapi.fr\/index.php?rest_route=%2Fwp%2Fv2%2Fcomments&post=252"}],"version-history":[{"count":34,"href":"https:\/\/anapi.fr\/index.php?rest_route=\/wp\/v2\/pages\/252\/revisions"}],"predecessor-version":[{"id":2345,"href":"https:\/\/anapi.fr\/index.php?rest_route=\/wp\/v2\/pages\/252\/revisions\/2345"}],"wp:attachment":[{"href":"https:\/\/anapi.fr\/index.php?rest_route=%2Fwp%2Fv2%2Fmedia&parent=252"}],"curies":[{"name":"wp","href":"https:\/\/api.w.org\/{rel}","templated":true}]}}