{"id":2846,"date":"2024-04-03T16:43:45","date_gmt":"2024-04-03T16:43:45","guid":{"rendered":"https:\/\/anapi.fr\/?page_id=2846"},"modified":"2025-05-19T09:24:28","modified_gmt":"2025-05-19T09:24:28","slug":"portrait-dindochine","status":"publish","type":"page","link":"https:\/\/anapi.fr\/?page_id=2846","title":{"rendered":"Portraits d\u2019Indochine"},"content":{"rendered":"<p><span style=\"font-size: 18pt;\"><a href=\"https:\/\/anapi.fr\/?p=2849\">Adjudant Guy Prigent dit \u00bb Le mousse \u00bb<\/a><\/span><\/p>\n<p><a href=\"https:\/\/anapi.fr\/?p=3344\"><span style=\"font-size: 18pt;\">Pierre MONJAL &#8211; Bapt\u00eame \u201cpara\u201d sur Dien Bien Phu : un aller simple pour l\u2019enfer \u2026<\/span><\/a><\/p>\n<p><a href=\"https:\/\/anapi.fr\/wp-content\/uploads\/2024\/09\/article-Roger-Cornet-Morsang.pdf\" target=\"_blank\" rel=\"noopener\"><span style=\"font-size: 18pt;\">Roger CORNET : &#8220;Un Morsaintois rescap\u00e9 des camps de r\u00e9\u00e9ducation du Vi\u00eat-minh raconte&#8230;<\/span><\/a><\/p>\n<p><a href=\"https:\/\/anapi.fr\/?p=3785\"><span style=\"font-size: 18pt;\">Aim\u00e9 TROCME : &#8220;Un parcours militaire exemplaire&#8221;<\/span><\/a><\/p>\n<h1 class=\"entry-title\"><\/h1>\n<p>Views: 403<\/p>","protected":false},"excerpt":{"rendered":"<p>Adjudant Guy Prigent dit \u00bb Le mousse \u00bb Pierre MONJAL &#8211; Bapt\u00eame \u201cpara\u201d sur Dien Bien Phu : un aller simple pour l\u2019enfer \u2026 Roger CORNET : &#8220;Un Morsaintois rescap\u00e9 des camps de r\u00e9\u00e9ducation du Vi\u00eat-minh raconte&#8230; Aim\u00e9 TROCME : &#8220;Un parcours militaire exemplaire&#8221; Views: 403<\/p>\n","protected":false},"author":1,"featured_media":0,"parent":0,"menu_order":0,"comment_status":"closed","ping_status":"closed","template":"","meta":{"_uag_custom_page_level_css":"","site-sidebar-layout":"default","site-content-layout":"","ast-site-content-layout":"default","site-content-style":"default","site-sidebar-style":"default","ast-global-header-display":"","ast-banner-title-visibility":"","ast-main-header-display":"","ast-hfb-above-header-display":"","ast-hfb-below-header-display":"","ast-hfb-mobile-header-display":"","site-post-title":"","ast-breadcrumbs-content":"","ast-featured-img":"","footer-sml-layout":"","ast-disable-related-posts":"","theme-transparent-header-meta":"default","adv-header-id-meta":"","stick-header-meta":"default","header-above-stick-meta":"","header-main-stick-meta":"","header-below-stick-meta":"","astra-migrate-meta-layouts":"set","ast-page-background-enabled":"default","ast-page-background-meta":{"desktop":{"background-color":"","background-image":"","background-repeat":"repeat","background-position":"center center","background-size":"auto","background-attachment":"scroll","background-type":"","background-media":"","overlay-type":"","overlay-color":"","overlay-opacity":"","overlay-gradient":""},"tablet":{"background-color":"","background-image":"","background-repeat":"repeat","background-position":"center center","background-size":"auto","background-attachment":"scroll","background-type":"","background-media":"","overlay-type":"","overlay-color":"","overlay-opacity":"","overlay-gradient":""},"mobile":{"background-color":"","background-image":"","background-repeat":"repeat","background-position":"center center","background-size":"auto","background-attachment":"scroll","background-type":"","background-media":"","overlay-type":"","overlay-color":"","overlay-opacity":"","overlay-gradient":""}},"ast-content-background-meta":{"desktop":{"background-color":"var(--ast-global-color-5)","background-image":"","background-repeat":"repeat","background-position":"center center","background-size":"auto","background-attachment":"scroll","background-type":"","background-media":"","overlay-type":"","overlay-color":"","overlay-opacity":"","overlay-gradient":""},"tablet":{"background-color":"var(--ast-global-color-5)","background-image":"","background-repeat":"repeat","background-position":"center center","background-size":"auto","background-attachment":"scroll","background-type":"","background-media":"","overlay-type":"","overlay-color":"","overlay-opacity":"","overlay-gradient":""},"mobile":{"background-color":"var(--ast-global-color-5)","background-image":"","background-repeat":"repeat","background-position":"center center","background-size":"auto","background-attachment":"scroll","background-type":"","background-media":"","overlay-type":"","overlay-color":"","overlay-opacity":"","overlay-gradient":""}},"footnotes":""},"class_list":["post-2846","page","type-page","status-publish","hentry"],"uagb_featured_image_src":{"full":false,"thumbnail":false,"medium":false,"medium_large":false,"large":false,"1536x1536":false,"2048x2048":false},"uagb_author_info":{"display_name":"ANAPI","author_link":"https:\/\/anapi.fr\/?author=1"},"uagb_comment_info":0,"uagb_excerpt":"Adjudant Guy Prigent dit \u00bb Le mousse \u00bb Pierre MONJAL &#8211; Bapt\u00eame \u201cpara\u201d sur Dien Bien Phu : un aller simple pour l\u2019enfer \u2026 Roger CORNET : &#8220;Un Morsaintois rescap\u00e9 des camps de r\u00e9\u00e9ducation du Vi\u00eat-minh raconte&#8230; Aim\u00e9 TROCME : &#8220;Un parcours militaire exemplaire&#8221; Views: 403","_links":{"self":[{"href":"https:\/\/anapi.fr\/index.php?rest_route=\/wp\/v2\/pages\/2846","targetHints":{"allow":["GET"]}}],"collection":[{"href":"https:\/\/anapi.fr\/index.php?rest_route=\/wp\/v2\/pages"}],"about":[{"href":"https:\/\/anapi.fr\/index.php?rest_route=\/wp\/v2\/types\/page"}],"author":[{"embeddable":true,"href":"https:\/\/anapi.fr\/index.php?rest_route=\/wp\/v2\/users\/1"}],"replies":[{"embeddable":true,"href":"https:\/\/anapi.fr\/index.php?rest_route=%2Fwp%2Fv2%2Fcomments&post=2846"}],"version-history":[{"count":9,"href":"https:\/\/anapi.fr\/index.php?rest_route=\/wp\/v2\/pages\/2846\/revisions"}],"predecessor-version":[{"id":3787,"href":"https:\/\/anapi.fr\/index.php?rest_route=\/wp\/v2\/pages\/2846\/revisions\/3787"}],"wp:attachment":[{"href":"https:\/\/anapi.fr\/index.php?rest_route=%2Fwp%2Fv2%2Fmedia&parent=2846"}],"curies":[{"name":"wp","href":"https:\/\/api.w.org\/{rel}","templated":true}]}}